{"id":421,"date":"2022-11-17T11:06:43","date_gmt":"2022-11-17T11:06:43","guid":{"rendered":"https:\/\/cnc-macek.si\/?page_id=421"},"modified":"2022-11-17T23:38:17","modified_gmt":"2022-11-17T23:38:17","slug":"pravilnik-zasebnosti","status":"publish","type":"page","link":"https:\/\/cnc-macek.si\/en\/pravilnik-zasebnosti\/","title":{"rendered":"Privacy policy"},"content":{"rendered":"<div data-elementor-type=\"wp-page\" data-elementor-id=\"421\" class=\"elementor elementor-421\" data-elementor-post-type=\"page\">\n\t\t\t\t\t\t<section class=\"elementor-section elementor-top-section elementor-element elementor-element-1ecdbb8 elementor-section-boxed elementor-section-height-default elementor-section-height-default\" data-id=\"1ecdbb8\" data-element_type=\"section\" data-settings=\"{&quot;background_background&quot;:&quot;classic&quot;}\">\n\t\t\t\t\t\t\t<div class=\"elementor-background-overlay\"><\/div>\n\t\t\t\t\t\t\t<div class=\"elementor-container elementor-column-gap-default\">\n\t\t\t\t\t<div class=\"elementor-column elementor-col-100 elementor-top-column elementor-element elementor-element-7a44044\" data-id=\"7a44044\" data-element_type=\"column\" data-settings=\"{&quot;background_background&quot;:&quot;classic&quot;}\">\n\t\t\t<div class=\"elementor-widget-wrap elementor-element-populated\">\n\t\t\t\t\t<div class=\"elementor-background-overlay\"><\/div>\n\t\t\t\t\t\t<div class=\"elementor-element elementor-element-e86c971 elementor-widget elementor-widget-heading\" data-id=\"e86c971\" data-element_type=\"widget\" data-widget_type=\"heading.default\">\n\t\t\t\t<div class=\"elementor-widget-container\">\n\t\t\t\t\t<h1 class=\"elementor-heading-title elementor-size-default\">Privacy policy<\/h1>\t\t\t\t<\/div>\n\t\t\t\t<\/div>\n\t\t\t\t<div class=\"elementor-element elementor-element-bd82ec5 elementor-icon-list--layout-inline elementor-align-center elementor-list-item-link-full_width elementor-widget elementor-widget-icon-list\" data-id=\"bd82ec5\" data-element_type=\"widget\" data-widget_type=\"icon-list.default\">\n\t\t\t\t<div class=\"elementor-widget-container\">\n\t\t\t\t\t\t\t<ul class=\"elementor-icon-list-items elementor-inline-items\">\n\t\t\t\t\t\t\t<li class=\"elementor-icon-list-item elementor-inline-item\">\n\t\t\t\t\t\t\t\t\t\t<span class=\"elementor-icon-list-text\">Home<\/span>\n\t\t\t\t\t\t\t\t\t<\/li>\n\t\t\t\t\t\t\t\t<li class=\"elementor-icon-list-item elementor-inline-item\">\n\t\t\t\t\t\t\t\t\t\t\t<span class=\"elementor-icon-list-icon\">\n\t\t\t\t\t\t\t<i aria-hidden=\"true\" class=\"fas fa-chevron-right\"><\/i>\t\t\t\t\t\t<\/span>\n\t\t\t\t\t\t\t\t\t\t<span class=\"elementor-icon-list-text\">Privacy policy<\/span>\n\t\t\t\t\t\t\t\t\t<\/li>\n\t\t\t\t\t\t<\/ul>\n\t\t\t\t\t\t<\/div>\n\t\t\t\t<\/div>\n\t\t\t\t\t<\/div>\n\t\t<\/div>\n\t\t\t\t\t<\/div>\n\t\t<\/section>\n\t\t\t\t<section class=\"elementor-section elementor-top-section elementor-element elementor-element-d92bf94 elementor-section-boxed elementor-section-height-default elementor-section-height-default\" data-id=\"d92bf94\" data-element_type=\"section\">\n\t\t\t\t\t\t<div class=\"elementor-container elementor-column-gap-default\">\n\t\t\t\t\t<div class=\"elementor-column elementor-col-100 elementor-top-column elementor-element elementor-element-1f3e8e0\" data-id=\"1f3e8e0\" data-element_type=\"column\">\n\t\t\t<div class=\"elementor-widget-wrap elementor-element-populated\">\n\t\t\t\t\t\t<div class=\"elementor-element elementor-element-8a66549 elementor-widget elementor-widget-heading\" data-id=\"8a66549\" data-element_type=\"widget\" data-widget_type=\"heading.default\">\n\t\t\t\t<div class=\"elementor-widget-container\">\n\t\t\t\t\t<h1 class=\"elementor-heading-title elementor-size-default\">Privacy policy<\/h1>\t\t\t\t<\/div>\n\t\t\t\t<\/div>\n\t\t\t\t<div class=\"elementor-element elementor-element-3e2c5f5 elementor-widget elementor-widget-text-editor\" data-id=\"3e2c5f5\" data-element_type=\"widget\" data-widget_type=\"text-editor.default\">\n\t\t\t\t<div class=\"elementor-widget-container\">\n\t\t\t\t\t\t\t\t\t<div data-id=\"9b30d4e\" data-element_type=\"widget\" data-widget_type=\"heading.default\"><div><h3>Privacy statement<\/h3><\/div><\/div><div data-id=\"dca500a\" data-element_type=\"widget\" data-widget_type=\"text-editor.default\"><div><p>Your personal data is for KLJU\u010cAVNI\u010cARSTVO MA\u010cEK d.o.o. (hereinafter \"Klju\u010davni\u010darstvo Ma\u010dek d.o.o.\") are very important, which is why we protect them in accordance with Regulation (EU) 2016\/679 of the European Parliament and of the Council on the protection of individuals in the processing of personal data and on the free flow of such data and on the repeal of Directive 95\/46\/ EC (General Data Protection Regulation) and other applicable legislation.<\/p><\/div><\/div><div data-id=\"70ffe4b\" data-element_type=\"widget\" data-widget_type=\"heading.default\"><div><h3>Personal data<\/h3><\/div><\/div><div data-id=\"57f0350\" data-element_type=\"widget\" data-widget_type=\"text-editor.default\"><div><p>Personal data means any information relating to a specific or identifiable individual (hereinafter referred to as: the individual to whom the personal data relates). An identifiable individual is one who can be identified directly or indirectly, in particular by reference to an identifier such as name, identification number, location data, online identifier, or by reference to one or more factors that characterize the physical, physiological, genetic , mental, economic, cultural or social identity of that individual.<\/p><\/div><\/div><div data-id=\"edd3654\" data-element_type=\"widget\" data-widget_type=\"heading.default\"><div><h3>Who processes your personal data?<\/h3><\/div><\/div><div data-id=\"d77484e\" data-element_type=\"widget\" data-widget_type=\"text-editor.default\"><div><p>KLJU\u010cAVNI\u010cARSTVO MA\u010cEK d.o.o.<br \/>Cesta talcev 11, 1370 Logatec<br \/>Telephone: <a href=\"tel:017564727\">(01) 756 47 27<\/a><br \/>Email: <a href=\"mailto:info@macekdoo.si\">info@macekdoo.si<\/a><\/p><\/div><\/div><div data-id=\"e9ae976\" data-element_type=\"widget\" data-widget_type=\"heading.default\"><div><h3>What data do we process?<\/h3><\/div><\/div><div data-id=\"1ad58c1\" data-element_type=\"widget\" data-widget_type=\"text-editor.default\"><div><p>When filling out the online form on the website, you provide us with the following information:<br \/>Name and surname,<br \/>E-mail address<br \/>Phone Number,<br \/>Company name<br \/>Your message.<br \/>We also collect your data by visiting the website itself (date and time of visit).<\/p><\/div><\/div><div data-id=\"3e1f595\" data-element_type=\"widget\" data-widget_type=\"heading.default\"><div><h3>Why do we process personal data?<\/h3><\/div><\/div><div data-id=\"0fce281\" data-element_type=\"widget\" data-widget_type=\"text-editor.default\"><div><p>By confirming the entered personal data, you allow KLJU\u010cAVNI\u010cARSTVO MA\u010cEK d.o.o. processes the collected data in its databases based on Article 6 (1f) of the General EU Regulation 2016\/679 and uses them for the following purposes:<\/p><ul><li>statistical processing;<\/li><li>customer segmentation and analysis of purchasing behavior;<\/li><li>informing customers about possible errors, corrections and changes in products and services;<\/li><li>to carry out direct marketing campaigns:<\/li><li>sending offers, promotional material;<\/li><li>sending invitations to events;<\/li><li>telephone, written and electronic surveys.<\/li><\/ul><p>We will only use your personal data to fulfill our contractual obligations to you, if we have a legitimate interest in doing so, i.e. when you have consented to the processing of data using our services that we provide and when required by law. We may process your personal data as long as our activities do not disproportionately infringe your privacy. You also have the right to restriction of data processing based on our legitimate interests, which means that you may miss new offers and events or not be notified about them.<br \/>We process all described personal data as\u00a0<strong>manager<\/strong>. This means that we determine the above-defined purposes for which we collect your personal data and the methods of processing, and we are responsible for their proper implementation.<br \/>We may also forward your personal data to other entities that have the same function\u00a0<strong>manager<\/strong>, based on your consent to advertising and social networks, namely by name:<\/p><ul><li><strong>Google Ireland Limited<\/strong>\u00a0(registered number: 368047), with registered office at Gordon House, Barrow Street, Dublin 4, Ireland; the company's privacy policy is available here: https:\/\/policies.google.com\/technologies\/ads<\/li><li><strong>Facebook Ireland Limited<\/strong>, with registered office at 4 Grand Canal Square, Grand Canal Harbour, Dublin 2, D02 X525, Ireland; the company's privacy policy is available here: https:\/\/cs-cz.facebook.com\/about\/privacy.<\/li><\/ul><p>For the processing of personal data, we also use the services of other processors who process personal data only in accordance with our instructions and for the purposes. Among such\u00a0<strong>processors<\/strong>\u00a0include:<\/p><ul><li><strong>Microsoft Ireland Operations Ltd.<\/strong>, headquartered One Microsoft Place South County Business Park Leopardstown Dublin 18, D18 P521, Irska<\/li><\/ul><p>managers of marketing tools such as, which help us optimize the web and personalize content and offers for you:<\/p><ul><li><strong>Google Ireland<\/strong>\u00a0based at Gordon House, Barrow Street, Dublin 4, Ireland (BigQuery Services, ChannelAdvisor).<\/li><\/ul><\/div><\/div><div data-id=\"ac4376c\" data-element_type=\"widget\" data-widget_type=\"heading.default\"><div><h3>How long will we keep the data?<\/h3><\/div><\/div><div data-id=\"4710aab\" data-element_type=\"widget\" data-widget_type=\"text-editor.default\"><div><p>Your personal data is for Susman d.o.o. (hereinafter \"KLJU\u010cAVNI\u010cARSTVO MA\u010cEK d.o.o.\") are very important, which is why we protect them in accordance with Regulation (EU) 2016\/679 of the European Parliament and of the Council on the protection of individuals in the processing of personal data and on the free flow of such data and on the repeal of Directive 95\/46\/ EC (General Data Protection Regulation) and other applicable legislation.<\/p><\/div><\/div><div data-id=\"5f7ae5a\" data-element_type=\"widget\" data-widget_type=\"heading.default\"><div><h3>Privacy statement<\/h3><\/div><\/div><div data-id=\"95176e6\" data-element_type=\"widget\" data-widget_type=\"text-editor.default\"><div><p>KLJU\u010cAVNI\u010cARSTVO MA\u010cEK d.o.o. processes the data until the person's consent is revoked. You can send a written cancellation to the address <a href=\"mailto:info@macekdoo.si\">info@macekdoo.si<\/a>. Regardless of the cancellation, KLJU\u010cAVNI\u010cARSTVO MA\u010cEK d.o.o. used the data to fulfill contractual obligations.<\/p><\/div><\/div><div data-id=\"c2cff04\" data-element_type=\"widget\" data-widget_type=\"heading.default\"><div><h3>What rights does an individual have?<\/h3><\/div><\/div><div data-id=\"698d204\" data-element_type=\"widget\" data-widget_type=\"text-editor.default\"><div><p class=\"translation-block\">access to personal data relating to him; correcting, changing or adding them;<br>printing or a copy for transfer of personal data relating to him;<br>deleting personal data or restricting their processing.<\/p><p>We use your self-provided email address for occasional communications about our new products and services. The user can request at any time that KLJU\u010cAVNI\u010cARSTVO MA\u010cEK d.o.o. deletes his email address from the records. The unsubscribe method is described in every message we send to your email address.<\/p><\/div><\/div><div data-id=\"7f32560\" data-element_type=\"widget\" data-widget_type=\"heading.default\"><div><p><strong>Last change: 17. 11. 2022<\/strong><\/p><\/div><\/div>\t\t\t\t\t\t\t\t<\/div>\n\t\t\t\t<\/div>\n\t\t\t\t\t<\/div>\n\t\t<\/div>\n\t\t\t\t\t<\/div>\n\t\t<\/section>\n\t\t\t\t<\/div>","protected":false},"excerpt":{"rendered":"<p>Domov Pravilnik zasebnosti Izjava o zasebnosti Va\u0161i osebni podatki so za KLJU\u010cAVNI\u010cARSTVO MA\u010cEK d.o.o. (v nadaljevanju \u201cKlju\u010davni\u010darstvo Ma\u010dek d.o.o.\u201d) zelo pomembni, zato jih varujemo s skladu z Uredbo (EU) 2016\/679 Evropskega parlamenta in Sveta o varstvu posameznikov pri obdelavi osebnih podatkov in o prostem pretoku takih podatkov ter o razveljavitvi Direktive 95\/46\/ES (Splo\u0161na uredba o [&hellip;]<\/p>","protected":false},"author":1,"featured_media":0,"parent":0,"menu_order":0,"comment_status":"closed","ping_status":"closed","template":"elementor_header_footer","meta":{"footnotes":""},"class_list":["post-421","page","type-page","status-publish","hentry"],"yoast_head":"<!-- This site is optimized with the Yoast SEO plugin v25.3.1 - https:\/\/yoast.com\/wordpress\/plugins\/seo\/ -->\n<title>Pravilnik zasebnosti - Klju\u010davni\u010darstvo ma\u010dek d.o.o.<\/title>\n<meta name=\"robots\" content=\"index, follow, max-snippet:-1, max-image-preview:large, max-video-preview:-1\" \/>\n<link rel=\"canonical\" href=\"https:\/\/cnc-macek.si\/en\/pravilnik-zasebnosti\/\" \/>\n<meta property=\"og:locale\" content=\"en_US\" \/>\n<meta property=\"og:type\" content=\"article\" \/>\n<meta property=\"og:title\" content=\"Pravilnik zasebnosti - Klju\u010davni\u010darstvo ma\u010dek d.o.o.\" \/>\n<meta property=\"og:description\" content=\"Domov Pravilnik zasebnosti Izjava o zasebnosti Va\u0161i osebni podatki so za KLJU\u010cAVNI\u010cARSTVO MA\u010cEK d.o.o. (v nadaljevanju \u201cKlju\u010davni\u010darstvo Ma\u010dek d.o.o.\u201d) zelo pomembni, zato jih varujemo s skladu z Uredbo (EU) 2016\/679 Evropskega parlamenta in Sveta o varstvu posameznikov pri obdelavi osebnih podatkov in o prostem pretoku takih podatkov ter o razveljavitvi Direktive 95\/46\/ES (Splo\u0161na uredba o [&hellip;]\" \/>\n<meta property=\"og:url\" content=\"https:\/\/cnc-macek.si\/en\/pravilnik-zasebnosti\/\" \/>\n<meta property=\"og:site_name\" content=\"Klju\u010davni\u010darstvo ma\u010dek d.o.o.\" \/>\n<meta property=\"article:modified_time\" content=\"2022-11-17T23:38:17+00:00\" \/>\n<meta name=\"twitter:card\" content=\"summary_large_image\" \/>\n<meta name=\"twitter:label1\" content=\"Est. reading time\" \/>\n\t<meta name=\"twitter:data1\" content=\"4 minutes\" \/>\n<script type=\"application\/ld+json\" class=\"yoast-schema-graph\">{\"@context\":\"https:\/\/schema.org\",\"@graph\":[{\"@type\":\"WebPage\",\"@id\":\"https:\/\/cnc-macek.si\/pravilnik-zasebnosti\/\",\"url\":\"https:\/\/cnc-macek.si\/pravilnik-zasebnosti\/\",\"name\":\"Pravilnik zasebnosti - Klju\u010davni\u010darstvo ma\u010dek d.o.o.\",\"isPartOf\":{\"@id\":\"https:\/\/cnc-macek.si\/#website\"},\"datePublished\":\"2022-11-17T11:06:43+00:00\",\"dateModified\":\"2022-11-17T23:38:17+00:00\",\"breadcrumb\":{\"@id\":\"https:\/\/cnc-macek.si\/pravilnik-zasebnosti\/#breadcrumb\"},\"inLanguage\":\"en-US\",\"potentialAction\":[{\"@type\":\"ReadAction\",\"target\":[\"https:\/\/cnc-macek.si\/pravilnik-zasebnosti\/\"]}]},{\"@type\":\"BreadcrumbList\",\"@id\":\"https:\/\/cnc-macek.si\/pravilnik-zasebnosti\/#breadcrumb\",\"itemListElement\":[{\"@type\":\"ListItem\",\"position\":1,\"name\":\"Home\",\"item\":\"https:\/\/cnc-macek.si\/\"},{\"@type\":\"ListItem\",\"position\":2,\"name\":\"Pravilnik zasebnosti\"}]},{\"@type\":\"WebSite\",\"@id\":\"https:\/\/cnc-macek.si\/#website\",\"url\":\"https:\/\/cnc-macek.si\/\",\"name\":\"Klju\u010davni\u010darstvo ma\u010dek d.o.o.\",\"description\":\"\",\"publisher\":{\"@id\":\"https:\/\/cnc-macek.si\/#organization\"},\"potentialAction\":[{\"@type\":\"SearchAction\",\"target\":{\"@type\":\"EntryPoint\",\"urlTemplate\":\"https:\/\/cnc-macek.si\/?s={search_term_string}\"},\"query-input\":{\"@type\":\"PropertyValueSpecification\",\"valueRequired\":true,\"valueName\":\"search_term_string\"}}],\"inLanguage\":\"en-US\"},{\"@type\":\"Organization\",\"@id\":\"https:\/\/cnc-macek.si\/#organization\",\"name\":\"Klju\u010davni\u010darstvo ma\u010dek d.o.o.\",\"url\":\"https:\/\/cnc-macek.si\/\",\"logo\":{\"@type\":\"ImageObject\",\"inLanguage\":\"en-US\",\"@id\":\"https:\/\/cnc-macek.si\/#\/schema\/logo\/image\/\",\"url\":\"https:\/\/cnc-macek.si\/wp-content\/uploads\/2022\/03\/logo-1.png\",\"contentUrl\":\"https:\/\/cnc-macek.si\/wp-content\/uploads\/2022\/03\/logo-1.png\",\"width\":300,\"height\":101,\"caption\":\"Klju\u010davni\u010darstvo ma\u010dek d.o.o.\"},\"image\":{\"@id\":\"https:\/\/cnc-macek.si\/#\/schema\/logo\/image\/\"}}]}<\/script>\n<!-- \/ Yoast SEO plugin. -->","yoast_head_json":{"title":"Pravilnik zasebnosti - Klju\u010davni\u010darstvo ma\u010dek d.o.o.","robots":{"index":"index","follow":"follow","max-snippet":"max-snippet:-1","max-image-preview":"max-image-preview:large","max-video-preview":"max-video-preview:-1"},"canonical":"https:\/\/cnc-macek.si\/en\/pravilnik-zasebnosti\/","og_locale":"en_US","og_type":"article","og_title":"Pravilnik zasebnosti - Klju\u010davni\u010darstvo ma\u010dek d.o.o.","og_description":"Domov Pravilnik zasebnosti Izjava o zasebnosti Va\u0161i osebni podatki so za KLJU\u010cAVNI\u010cARSTVO MA\u010cEK d.o.o. (v nadaljevanju \u201cKlju\u010davni\u010darstvo Ma\u010dek d.o.o.\u201d) zelo pomembni, zato jih varujemo s skladu z Uredbo (EU) 2016\/679 Evropskega parlamenta in Sveta o varstvu posameznikov pri obdelavi osebnih podatkov in o prostem pretoku takih podatkov ter o razveljavitvi Direktive 95\/46\/ES (Splo\u0161na uredba o [&hellip;]","og_url":"https:\/\/cnc-macek.si\/en\/pravilnik-zasebnosti\/","og_site_name":"Klju\u010davni\u010darstvo ma\u010dek d.o.o.","article_modified_time":"2022-11-17T23:38:17+00:00","twitter_card":"summary_large_image","twitter_misc":{"Est. reading time":"4 minutes"},"schema":{"@context":"https:\/\/schema.org","@graph":[{"@type":"WebPage","@id":"https:\/\/cnc-macek.si\/pravilnik-zasebnosti\/","url":"https:\/\/cnc-macek.si\/pravilnik-zasebnosti\/","name":"Pravilnik zasebnosti - Klju\u010davni\u010darstvo ma\u010dek d.o.o.","isPartOf":{"@id":"https:\/\/cnc-macek.si\/#website"},"datePublished":"2022-11-17T11:06:43+00:00","dateModified":"2022-11-17T23:38:17+00:00","breadcrumb":{"@id":"https:\/\/cnc-macek.si\/pravilnik-zasebnosti\/#breadcrumb"},"inLanguage":"en-US","potentialAction":[{"@type":"ReadAction","target":["https:\/\/cnc-macek.si\/pravilnik-zasebnosti\/"]}]},{"@type":"BreadcrumbList","@id":"https:\/\/cnc-macek.si\/pravilnik-zasebnosti\/#breadcrumb","itemListElement":[{"@type":"ListItem","position":1,"name":"Home","item":"https:\/\/cnc-macek.si\/"},{"@type":"ListItem","position":2,"name":"Pravilnik zasebnosti"}]},{"@type":"WebSite","@id":"https:\/\/cnc-macek.si\/#website","url":"https:\/\/cnc-macek.si\/","name":"Klju\u010davni\u010darstvo ma\u010dek d.o.o.","description":"","publisher":{"@id":"https:\/\/cnc-macek.si\/#organization"},"potentialAction":[{"@type":"SearchAction","target":{"@type":"EntryPoint","urlTemplate":"https:\/\/cnc-macek.si\/?s={search_term_string}"},"query-input":{"@type":"PropertyValueSpecification","valueRequired":true,"valueName":"search_term_string"}}],"inLanguage":"en-US"},{"@type":"Organization","@id":"https:\/\/cnc-macek.si\/#organization","name":"Klju\u010davni\u010darstvo ma\u010dek d.o.o.","url":"https:\/\/cnc-macek.si\/","logo":{"@type":"ImageObject","inLanguage":"en-US","@id":"https:\/\/cnc-macek.si\/#\/schema\/logo\/image\/","url":"https:\/\/cnc-macek.si\/wp-content\/uploads\/2022\/03\/logo-1.png","contentUrl":"https:\/\/cnc-macek.si\/wp-content\/uploads\/2022\/03\/logo-1.png","width":300,"height":101,"caption":"Klju\u010davni\u010darstvo ma\u010dek d.o.o."},"image":{"@id":"https:\/\/cnc-macek.si\/#\/schema\/logo\/image\/"}}]}},"_links":{"self":[{"href":"https:\/\/cnc-macek.si\/en\/wp-json\/wp\/v2\/pages\/421","targetHints":{"allow":["GET"]}}],"collection":[{"href":"https:\/\/cnc-macek.si\/en\/wp-json\/wp\/v2\/pages"}],"about":[{"href":"https:\/\/cnc-macek.si\/en\/wp-json\/wp\/v2\/types\/page"}],"author":[{"embeddable":true,"href":"https:\/\/cnc-macek.si\/en\/wp-json\/wp\/v2\/users\/1"}],"replies":[{"embeddable":true,"href":"https:\/\/cnc-macek.si\/en\/wp-json\/wp\/v2\/comments?post=421"}],"version-history":[{"count":14,"href":"https:\/\/cnc-macek.si\/en\/wp-json\/wp\/v2\/pages\/421\/revisions"}],"predecessor-version":[{"id":789,"href":"https:\/\/cnc-macek.si\/en\/wp-json\/wp\/v2\/pages\/421\/revisions\/789"}],"wp:attachment":[{"href":"https:\/\/cnc-macek.si\/en\/wp-json\/wp\/v2\/media?parent=421"}],"curies":[{"name":"wp","href":"https:\/\/api.w.org\/{rel}","templated":true}]}}