{"id":34,"date":"2022-03-05T14:07:17","date_gmt":"2022-03-05T14:07:17","guid":{"rendered":"https:\/\/cnc-macek.si\/?page_id=34"},"modified":"2022-12-21T10:27:37","modified_gmt":"2022-12-21T10:27:37","slug":"kontakt","status":"publish","type":"page","link":"https:\/\/cnc-macek.si\/en\/kontakt\/","title":{"rendered":"Contact"},"content":{"rendered":"<div data-elementor-type=\"wp-page\" data-elementor-id=\"34\" class=\"elementor elementor-34\" data-elementor-post-type=\"page\">\n\t\t\t\t\t\t<section class=\"elementor-section elementor-top-section elementor-element elementor-element-5166e303 elementor-section-boxed elementor-section-height-default elementor-section-height-default\" data-id=\"5166e303\" data-element_type=\"section\" data-settings=\"{&quot;background_background&quot;:&quot;classic&quot;}\">\n\t\t\t\t\t\t\t<div class=\"elementor-background-overlay\"><\/div>\n\t\t\t\t\t\t\t<div class=\"elementor-container elementor-column-gap-default\">\n\t\t\t\t\t<div class=\"elementor-column elementor-col-100 elementor-top-column elementor-element elementor-element-3d6723ca\" data-id=\"3d6723ca\" data-element_type=\"column\" data-settings=\"{&quot;background_background&quot;:&quot;classic&quot;}\">\n\t\t\t<div class=\"elementor-widget-wrap elementor-element-populated\">\n\t\t\t\t\t<div class=\"elementor-background-overlay\"><\/div>\n\t\t\t\t\t\t<div class=\"elementor-element elementor-element-7719a743 elementor-widget elementor-widget-heading\" data-id=\"7719a743\" data-element_type=\"widget\" data-widget_type=\"heading.default\">\n\t\t\t\t<div class=\"elementor-widget-container\">\n\t\t\t\t\t<h1 class=\"elementor-heading-title elementor-size-default\">Contact<\/h1>\t\t\t\t<\/div>\n\t\t\t\t<\/div>\n\t\t\t\t<div class=\"elementor-element elementor-element-d49af3b elementor-icon-list--layout-inline elementor-align-center elementor-list-item-link-full_width elementor-widget elementor-widget-icon-list\" data-id=\"d49af3b\" data-element_type=\"widget\" data-widget_type=\"icon-list.default\">\n\t\t\t\t<div class=\"elementor-widget-container\">\n\t\t\t\t\t\t\t<ul class=\"elementor-icon-list-items elementor-inline-items\">\n\t\t\t\t\t\t\t<li class=\"elementor-icon-list-item elementor-inline-item\">\n\t\t\t\t\t\t\t\t\t\t<span class=\"elementor-icon-list-text\">Home<\/span>\n\t\t\t\t\t\t\t\t\t<\/li>\n\t\t\t\t\t\t\t\t<li class=\"elementor-icon-list-item elementor-inline-item\">\n\t\t\t\t\t\t\t\t\t\t\t<span class=\"elementor-icon-list-icon\">\n\t\t\t\t\t\t\t<i aria-hidden=\"true\" class=\"fas fa-chevron-right\"><\/i>\t\t\t\t\t\t<\/span>\n\t\t\t\t\t\t\t\t\t\t<span class=\"elementor-icon-list-text\">Contact<\/span>\n\t\t\t\t\t\t\t\t\t<\/li>\n\t\t\t\t\t\t<\/ul>\n\t\t\t\t\t\t<\/div>\n\t\t\t\t<\/div>\n\t\t\t\t\t<\/div>\n\t\t<\/div>\n\t\t\t\t\t<\/div>\n\t\t<\/section>\n\t\t\t\t<section class=\"elementor-section elementor-top-section elementor-element elementor-element-3da25bdc elementor-section-boxed elementor-section-height-default elementor-section-height-default\" data-id=\"3da25bdc\" data-element_type=\"section\">\n\t\t\t\t\t\t<div class=\"elementor-container elementor-column-gap-default\">\n\t\t\t\t\t<div class=\"elementor-column elementor-col-100 elementor-top-column elementor-element elementor-element-19848ad\" data-id=\"19848ad\" data-element_type=\"column\">\n\t\t\t<div class=\"elementor-widget-wrap elementor-element-populated\">\n\t\t\t\t\t\t<div class=\"elementor-element elementor-element-3a474bfe elementor-widget elementor-widget-heading\" data-id=\"3a474bfe\" data-element_type=\"widget\" data-widget_type=\"heading.default\">\n\t\t\t\t<div class=\"elementor-widget-container\">\n\t\t\t\t\t<h2 class=\"elementor-heading-title elementor-size-default\">Contact<\/h2>\t\t\t\t<\/div>\n\t\t\t\t<\/div>\n\t\t\t\t<section class=\"elementor-section elementor-inner-section elementor-element elementor-element-5829798f elementor-reverse-tablet elementor-reverse-mobile elementor-section-boxed elementor-section-height-default elementor-section-height-default\" data-id=\"5829798f\" data-element_type=\"section\">\n\t\t\t\t\t\t<div class=\"elementor-container elementor-column-gap-no\">\n\t\t\t\t\t<div class=\"elementor-column elementor-col-50 elementor-inner-column elementor-element elementor-element-57bfda69\" data-id=\"57bfda69\" data-element_type=\"column\">\n\t\t\t<div class=\"elementor-widget-wrap elementor-element-populated\">\n\t\t\t\t\t\t<div class=\"elementor-element elementor-element-1758fdc elementor-widget elementor-widget-text-editor\" data-id=\"1758fdc\" data-element_type=\"widget\" data-widget_type=\"text-editor.default\">\n\t\t\t\t<div class=\"elementor-widget-container\">\n\t\t\t\t\t\t\t\t\t<h3>Where are we located?<\/h3><p>Klju\u010davni\u010darstvo Ma\u010dek d.o.o.<br \/>Cesta talcev 11<br \/>1370 Logatec<\/p><h3>Contact<\/h3><p>Tel.: (01) 756 47 27<br \/>E-mail address:\u00a0<a href=\"mailto:info@macekdoo.si\">info@macekdoo.si<\/a><\/p><p>Director: 041 406 460<\/p><p><strong>Working time:<\/strong><br \/>Mon - Fri: 7:00-15:00<\/p>\t\t\t\t\t\t\t\t<\/div>\n\t\t\t\t<\/div>\n\t\t\t\t\t<\/div>\n\t\t<\/div>\n\t\t\t\t<div class=\"elementor-column elementor-col-50 elementor-inner-column elementor-element elementor-element-1f0c64de\" data-id=\"1f0c64de\" data-element_type=\"column\" data-settings=\"{&quot;background_background&quot;:&quot;classic&quot;}\">\n\t\t\t<div class=\"elementor-widget-wrap elementor-element-populated\">\n\t\t\t\t\t\t<div class=\"elementor-element elementor-element-61858e6 elementor-widget elementor-widget-shortcode\" data-id=\"61858e6\" data-element_type=\"widget\" data-widget_type=\"shortcode.default\">\n\t\t\t\t<div class=\"elementor-widget-container\">\n\t\t\t\t\t\t\t<div class=\"elementor-shortcode\">\n<div class=\"wpcf7 no-js\" id=\"wpcf7-f871-o1\" lang=\"en-US\" dir=\"ltr\" data-wpcf7-id=\"871\">\n<div class=\"screen-reader-response\"><p role=\"status\" aria-live=\"polite\" aria-atomic=\"true\"><\/p> <ul><\/ul><\/div>\n<form action=\"\/en\/wp-json\/wp\/v2\/pages\/34#wpcf7-f871-o1\" method=\"post\" class=\"wpcf7-form init\" aria-label=\"Contact form\" novalidate=\"novalidate\" data-status=\"init\" data-trp-original-action=\"\/en\/wp-json\/wp\/v2\/pages\/34#wpcf7-f871-o1\">\n<div style=\"display: none;\">\n<input type=\"hidden\" name=\"_wpcf7\" value=\"871\" \/>\n<input type=\"hidden\" name=\"_wpcf7_version\" value=\"6.0.6\" \/>\n<input type=\"hidden\" name=\"_wpcf7_locale\" value=\"en_US\" \/>\n<input type=\"hidden\" name=\"_wpcf7_unit_tag\" value=\"wpcf7-f871-o1\" \/>\n<input type=\"hidden\" name=\"_wpcf7_container_post\" value=\"0\" \/>\n<input type=\"hidden\" name=\"_wpcf7_posted_data_hash\" value=\"\" \/>\n<\/div>\n<div class=\"cf7-macek\">\n\t<div class=\"contact-form-flex\">\n\t\t<p><label> Name and surname:<br \/>\n<span class=\"wpcf7-form-control-wrap\" data-name=\"ime-priimek\"><input size=\"40\" maxlength=\"400\" class=\"wpcf7-form-control wpcf7-text wpcf7-validates-as-required\" aria-required=\"true\" aria-invalid=\"false\" value=\"\" type=\"text\" name=\"ime-priimek\" \/><\/span> <\/label>\n\t\t<\/p>\n\t\t<p><label> Email:<br \/>\n<span class=\"wpcf7-form-control-wrap\" data-name=\"your-email\"><input size=\"40\" maxlength=\"400\" class=\"wpcf7-form-control wpcf7-email wpcf7-validates-as-required wpcf7-text wpcf7-validates-as-email\" aria-required=\"true\" aria-invalid=\"false\" value=\"\" type=\"email\" name=\"your-email\" \/><\/span> <\/label>\n\t\t<\/p>\n\t<\/div>\n\t<div class=\"contact-form-flex\">\n\t\t<p><label> Phone or GSM:<br \/>\n<span class=\"wpcf7-form-control-wrap\" data-name=\"tel-150\"><input size=\"40\" maxlength=\"400\" class=\"wpcf7-form-control wpcf7-tel wpcf7-text wpcf7-validates-as-tel\" aria-invalid=\"false\" value=\"\" type=\"tel\" name=\"tel-150\" \/><\/span> <\/label>\n\t\t<\/p>\n\t\t<p><label> Company:<br \/>\n<span class=\"wpcf7-form-control-wrap\" data-name=\"podjetje\"><input size=\"40\" maxlength=\"400\" class=\"wpcf7-form-control wpcf7-text wpcf7-validates-as-required\" aria-required=\"true\" aria-invalid=\"false\" value=\"\" type=\"text\" name=\"podjetje\" \/><\/span> <\/label>\n\t\t<\/p>\n\t<\/div>\n\t<p><label> Subject:<br \/>\n<span class=\"wpcf7-form-control-wrap\" data-name=\"your-subject\"><input size=\"40\" maxlength=\"400\" class=\"wpcf7-form-control wpcf7-text wpcf7-validates-as-required\" aria-required=\"true\" aria-invalid=\"false\" value=\"\" type=\"text\" name=\"your-subject\" \/><\/span> <\/label>\n\t<\/p>\n\t<p><label> Your message:<br \/>\n<span class=\"wpcf7-form-control-wrap\" data-name=\"your-message\"><textarea cols=\"40\" rows=\"10\" maxlength=\"2000\" class=\"wpcf7-form-control wpcf7-textarea\" aria-invalid=\"false\" name=\"your-message\"><\/textarea><\/span> <\/label>\n\t<\/p>\n\t<p><span class=\"wpcf7-form-control-wrap\" data-name=\"acceptance-168\"><span class=\"wpcf7-form-control wpcf7-acceptance optional\"><span class=\"wpcf7-list-item\"><label><input type=\"checkbox\" name=\"acceptance-168\" value=\"1\" aria-invalid=\"false\" \/><span class=\"wpcf7-list-item-label\">I have read and agree to the general terms and conditions of the website<\/span><\/label><\/span><\/span><\/span>\n\t<\/p>\n\t<p><input class=\"wpcf7-form-control wpcf7-submit has-spinner\" type=\"submit\" value=\"Send\" \/>\n\t<\/p>\n<\/div><div class=\"wpcf7-response-output\" aria-hidden=\"true\"><\/div>\n<input type=\"hidden\" name=\"trp-form-language\" value=\"en\"\/><\/form>\n<\/div>\n<\/div>\n\t\t\t\t\t\t<\/div>\n\t\t\t\t<\/div>\n\t\t\t\t\t<\/div>\n\t\t<\/div>\n\t\t\t\t\t<\/div>\n\t\t<\/section>\n\t\t\t\t\t<\/div>\n\t\t<\/div>\n\t\t\t\t\t<\/div>\n\t\t<\/section>\n\t\t\t\t<section class=\"elementor-section elementor-top-section elementor-element elementor-element-7c423a0 elementor-section-boxed elementor-section-height-default elementor-section-height-default\" data-id=\"7c423a0\" data-element_type=\"section\" data-settings=\"{&quot;background_background&quot;:&quot;classic&quot;}\">\n\t\t\t\t\t\t\t<div class=\"elementor-background-overlay\"><\/div>\n\t\t\t\t\t\t\t<div class=\"elementor-container elementor-column-gap-default\">\n\t\t\t\t\t<div class=\"elementor-column elementor-col-100 elementor-top-column elementor-element elementor-element-d0eda07\" data-id=\"d0eda07\" data-element_type=\"column\">\n\t\t\t<div class=\"elementor-widget-wrap elementor-element-populated\">\n\t\t\t\t\t\t<div class=\"elementor-element elementor-element-744711b anchor-title elementor-widget elementor-widget-heading\" data-id=\"744711b\" data-element_type=\"widget\" id=\"zgodovina\" data-widget_type=\"heading.default\">\n\t\t\t\t<div class=\"elementor-widget-container\">\n\t\t\t\t\t<h4 class=\"elementor-heading-title elementor-size-default\">Klju\u010davni\u010darstvo Ma\u010dek<\/h4>\t\t\t\t<\/div>\n\t\t\t\t<\/div>\n\t\t\t\t<div class=\"elementor-element elementor-element-a1991e0 elementor-widget elementor-widget-heading\" data-id=\"a1991e0\" data-element_type=\"widget\" data-widget_type=\"heading.default\">\n\t\t\t\t<div class=\"elementor-widget-container\">\n\t\t\t\t\t<h2 class=\"elementor-heading-title elementor-size-default\">Company history<\/h2>\t\t\t\t<\/div>\n\t\t\t\t<\/div>\n\t\t\t\t<div class=\"elementor-element elementor-element-0063b9a elementor-icon-list--layout-traditional elementor-list-item-link-full_width elementor-widget elementor-widget-icon-list\" data-id=\"0063b9a\" data-element_type=\"widget\" data-widget_type=\"icon-list.default\">\n\t\t\t\t<div class=\"elementor-widget-container\">\n\t\t\t\t\t\t\t<ul class=\"elementor-icon-list-items\">\n\t\t\t\t\t\t\t<li class=\"elementor-icon-list-item\">\n\t\t\t\t\t\t\t\t\t\t\t<span class=\"elementor-icon-list-icon\">\n\t\t\t\t\t\t\t<i aria-hidden=\"true\" class=\"fas fa-minus\"><\/i>\t\t\t\t\t\t<\/span>\n\t\t\t\t\t\t\t\t\t\t<span class=\"elementor-icon-list-text\">The beginning of the company dates back to 1968, when father Anton Ma\u010dek started his craft business. In 1984, his son Zvonimir Ma\u010dek continued his work in the home workshop in Logatec as an afternoon craftsman.<\/span>\n\t\t\t\t\t\t\t\t\t<\/li>\n\t\t\t\t\t\t\t\t<li class=\"elementor-icon-list-item\">\n\t\t\t\t\t\t\t\t\t\t\t<span class=\"elementor-icon-list-icon\">\n\t\t\t\t\t\t\t<i aria-hidden=\"true\" class=\"fas fa-minus\"><\/i>\t\t\t\t\t\t<\/span>\n\t\t\t\t\t\t\t\t\t\t<span class=\"elementor-icon-list-text\">The production program consisted mainly of services in the field of furniture industry, tool making and agricultural machinery.<\/span>\n\t\t\t\t\t\t\t\t\t<\/li>\n\t\t\t\t\t\t\t\t<li class=\"elementor-icon-list-item\">\n\t\t\t\t\t\t\t\t\t\t\t<span class=\"elementor-icon-list-icon\">\n\t\t\t\t\t\t\t<i aria-hidden=\"true\" class=\"fas fa-minus\"><\/i>\t\t\t\t\t\t<\/span>\n\t\t\t\t\t\t\t\t\t\t<span class=\"elementor-icon-list-text\">Good results and business expansion in 1994 led to the decision to pursue a full-time professional activity. The company Klju\u010davni\u010darstvo Ma\u010dek s.p. was established<\/span>\n\t\t\t\t\t\t\t\t\t<\/li>\n\t\t\t\t\t\t\t\t<li class=\"elementor-icon-list-item\">\n\t\t\t\t\t\t\t\t\t\t\t<span class=\"elementor-icon-list-icon\">\n\t\t\t\t\t\t\t<i aria-hidden=\"true\" class=\"fas fa-minus\"><\/i>\t\t\t\t\t\t<\/span>\n\t\t\t\t\t\t\t\t\t\t<span class=\"elementor-icon-list-text\">The first CNC processing machines, a bending machine and sheet metal cutting shears were purchased. The business expanded from the woodworking industry to the CNC processing of aluminum castings.<\/span>\n\t\t\t\t\t\t\t\t\t<\/li>\n\t\t\t\t\t\t\t\t<li class=\"elementor-icon-list-item\">\n\t\t\t\t\t\t\t\t\t\t\t<span class=\"elementor-icon-list-icon\">\n\t\t\t\t\t\t\t<i aria-hidden=\"true\" class=\"fas fa-minus\"><\/i>\t\t\t\t\t\t<\/span>\n\t\t\t\t\t\t\t\t\t\t<span class=\"elementor-icon-list-text\">CNC machining of aluminum castings is still one of the pillars of our production processes.<\/span>\n\t\t\t\t\t\t\t\t\t<\/li>\n\t\t\t\t\t\t\t\t<li class=\"elementor-icon-list-item\">\n\t\t\t\t\t\t\t\t\t\t\t<span class=\"elementor-icon-list-icon\">\n\t\t\t\t\t\t\t<i aria-hidden=\"true\" class=\"fas fa-minus\"><\/i>\t\t\t\t\t\t<\/span>\n\t\t\t\t\t\t\t\t\t\t<span class=\"elementor-icon-list-text\">We also deal with demanding construction welding in the field of pressure process technology. We weld air dryers, where we use professionally qualified and certified welders.<\/span>\n\t\t\t\t\t\t\t\t\t<\/li>\n\t\t\t\t\t\t\t\t<li class=\"elementor-icon-list-item\">\n\t\t\t\t\t\t\t\t\t\t\t<span class=\"elementor-icon-list-icon\">\n\t\t\t\t\t\t\t<i aria-hidden=\"true\" class=\"fas fa-minus\"><\/i>\t\t\t\t\t\t<\/span>\n\t\t\t\t\t\t\t\t\t\t<span class=\"elementor-icon-list-text\">In 2013, the company was renamed Klju\u010davni\u010darstvo Ma\u010dek d.o.o. and continues its successful path as a family business. The trademark - vise, has been with us ever since 1968, when it was depicted on the first business stamp.<\/span>\n\t\t\t\t\t\t\t\t\t<\/li>\n\t\t\t\t\t\t\t\t<li class=\"elementor-icon-list-item\">\n\t\t\t\t\t\t\t\t\t\t\t<span class=\"elementor-icon-list-icon\">\n\t\t\t\t\t\t\t<i aria-hidden=\"true\" class=\"fas fa-minus\"><\/i>\t\t\t\t\t\t<\/span>\n\t\t\t\t\t\t\t\t\t\t<span class=\"elementor-icon-list-text\">We sell our products mainly on the Slovenian market, but most of our products for the domestic market are incorporated into final products that are sold to large European and global companies. In indirect business, we cooperate with a global multinational.<\/span>\n\t\t\t\t\t\t\t\t\t<\/li>\n\t\t\t\t\t\t\t\t<li class=\"elementor-icon-list-item\">\n\t\t\t\t\t\t\t\t\t\t\t<span class=\"elementor-icon-list-icon\">\n\t\t\t\t\t\t\t<i aria-hidden=\"true\" class=\"fas fa-minus\"><\/i>\t\t\t\t\t\t<\/span>\n\t\t\t\t\t\t\t\t\t\t<span class=\"elementor-icon-list-text\">By meeting the quality requirements of customers and the requirements of international standards, as well as flexibility in the market, we want to satisfy our current and future customers in demanding markets in the future as well.<\/span>\n\t\t\t\t\t\t\t\t\t<\/li>\n\t\t\t\t\t\t<\/ul>\n\t\t\t\t\t\t<\/div>\n\t\t\t\t<\/div>\n\t\t\t\t\t<\/div>\n\t\t<\/div>\n\t\t\t\t\t<\/div>\n\t\t<\/section>\n\t\t\t\t<section class=\"elementor-section elementor-top-section elementor-element elementor-element-1688c69 elementor-section-full_width elementor-section-height-default elementor-section-height-default\" data-id=\"1688c69\" data-element_type=\"section\">\n\t\t\t\t\t\t<div class=\"elementor-container elementor-column-gap-no\">\n\t\t\t\t\t<div class=\"elementor-column elementor-col-100 elementor-top-column elementor-element elementor-element-199f740\" data-id=\"199f740\" data-element_type=\"column\">\n\t\t\t<div class=\"elementor-widget-wrap elementor-element-populated\">\n\t\t\t\t\t\t<div class=\"elementor-element elementor-element-b0dbaca elementor-widget elementor-widget-google_maps\" data-id=\"b0dbaca\" data-element_type=\"widget\" data-widget_type=\"google_maps.default\">\n\t\t\t\t<div class=\"elementor-widget-container\">\n\t\t\t\t\t\t\t<div class=\"elementor-custom-embed\">\n\t\t\t<iframe loading=\"lazy\"\n\t\t\t\t\tsrc=\"https:\/\/maps.google.com\/maps?q=Cesta%20talcev%2011%2C%201370%20Logatec&#038;t=m&#038;z=15&#038;output=embed&#038;iwloc=near\"\n\t\t\t\t\ttitle=\"Cesta talcev 11, 1370 Logatec\"\n\t\t\t\t\taria-label=\"Cesta talcev 11, 1370 Logatec\"\n\t\t\t><\/iframe>\n\t\t<\/div>\n\t\t\t\t\t\t<\/div>\n\t\t\t\t<\/div>\n\t\t\t\t\t<\/div>\n\t\t<\/div>\n\t\t\t\t\t<\/div>\n\t\t<\/section>\n\t\t\t\t<\/div>","protected":false},"excerpt":{"rendered":"<p>Kontakt Domov Kontakt Kontakt Kje se nahajamo? Klju\u010davni\u010darstvo Ma\u010dek d.o.o.Cesta talcev 111370 Logatec Kontakt Tel.: (01) 756 47 27E-naslov:\u00a0info@macekdoo.si Direktor: 041 406 460 Delavni \u010das:Pon &#8211; Pet: 7:00-15:00 Klju\u010davni\u010darstvo Ma\u010dek Zgodovina podjetja Za\u010detek podjetja sega v leto 1968, ko je o\u010de Anton Ma\u010dek pri\u010del z obrtno dejavnostjo. Z dejavnostjo v doma\u010di delavnici v Logatcu leta [&hellip;]<\/p>","protected":false},"author":1,"featured_media":0,"parent":0,"menu_order":0,"comment_status":"closed","ping_status":"closed","template":"elementor_header_footer","meta":{"footnotes":""},"class_list":["post-34","page","type-page","status-publish","hentry"],"yoast_head":"<!-- This site is optimized with the Yoast SEO plugin v25.3.1 - https:\/\/yoast.com\/wordpress\/plugins\/seo\/ -->\n<title>Kontakt - Klju\u010davni\u010darstvo ma\u010dek d.o.o.<\/title>\n<meta name=\"robots\" content=\"index, follow, max-snippet:-1, max-image-preview:large, max-video-preview:-1\" \/>\n<link rel=\"canonical\" href=\"https:\/\/cnc-macek.si\/en\/kontakt\/\" \/>\n<meta property=\"og:locale\" content=\"en_US\" \/>\n<meta property=\"og:type\" content=\"article\" \/>\n<meta property=\"og:title\" content=\"Kontakt - Klju\u010davni\u010darstvo ma\u010dek d.o.o.\" \/>\n<meta property=\"og:description\" content=\"Kontakt Domov Kontakt Kontakt Kje se nahajamo? Klju\u010davni\u010darstvo Ma\u010dek d.o.o.Cesta talcev 111370 Logatec Kontakt Tel.: (01) 756 47 27E-naslov:\u00a0info@macekdoo.si Direktor: 041 406 460 Delavni \u010das:Pon &#8211; Pet: 7:00-15:00 Klju\u010davni\u010darstvo Ma\u010dek Zgodovina podjetja Za\u010detek podjetja sega v leto 1968, ko je o\u010de Anton Ma\u010dek pri\u010del z obrtno dejavnostjo. Z dejavnostjo v doma\u010di delavnici v Logatcu leta [&hellip;]\" \/>\n<meta property=\"og:url\" content=\"https:\/\/cnc-macek.si\/en\/kontakt\/\" \/>\n<meta property=\"og:site_name\" content=\"Klju\u010davni\u010darstvo ma\u010dek d.o.o.\" \/>\n<meta property=\"article:modified_time\" content=\"2022-12-21T10:27:37+00:00\" \/>\n<meta name=\"twitter:card\" content=\"summary_large_image\" \/>\n<meta name=\"twitter:label1\" content=\"Est. reading time\" \/>\n\t<meta name=\"twitter:data1\" content=\"2 minutes\" \/>\n<script type=\"application\/ld+json\" class=\"yoast-schema-graph\">{\"@context\":\"https:\/\/schema.org\",\"@graph\":[{\"@type\":\"WebPage\",\"@id\":\"https:\/\/cnc-macek.si\/kontakt\/\",\"url\":\"https:\/\/cnc-macek.si\/kontakt\/\",\"name\":\"Kontakt - Klju\u010davni\u010darstvo ma\u010dek d.o.o.\",\"isPartOf\":{\"@id\":\"https:\/\/cnc-macek.si\/#website\"},\"datePublished\":\"2022-03-05T14:07:17+00:00\",\"dateModified\":\"2022-12-21T10:27:37+00:00\",\"breadcrumb\":{\"@id\":\"https:\/\/cnc-macek.si\/kontakt\/#breadcrumb\"},\"inLanguage\":\"en-US\",\"potentialAction\":[{\"@type\":\"ReadAction\",\"target\":[\"https:\/\/cnc-macek.si\/kontakt\/\"]}]},{\"@type\":\"BreadcrumbList\",\"@id\":\"https:\/\/cnc-macek.si\/kontakt\/#breadcrumb\",\"itemListElement\":[{\"@type\":\"ListItem\",\"position\":1,\"name\":\"Home\",\"item\":\"https:\/\/cnc-macek.si\/\"},{\"@type\":\"ListItem\",\"position\":2,\"name\":\"Kontakt\"}]},{\"@type\":\"WebSite\",\"@id\":\"https:\/\/cnc-macek.si\/#website\",\"url\":\"https:\/\/cnc-macek.si\/\",\"name\":\"Klju\u010davni\u010darstvo ma\u010dek d.o.o.\",\"description\":\"\",\"publisher\":{\"@id\":\"https:\/\/cnc-macek.si\/#organization\"},\"potentialAction\":[{\"@type\":\"SearchAction\",\"target\":{\"@type\":\"EntryPoint\",\"urlTemplate\":\"https:\/\/cnc-macek.si\/?s={search_term_string}\"},\"query-input\":{\"@type\":\"PropertyValueSpecification\",\"valueRequired\":true,\"valueName\":\"search_term_string\"}}],\"inLanguage\":\"en-US\"},{\"@type\":\"Organization\",\"@id\":\"https:\/\/cnc-macek.si\/#organization\",\"name\":\"Klju\u010davni\u010darstvo ma\u010dek d.o.o.\",\"url\":\"https:\/\/cnc-macek.si\/\",\"logo\":{\"@type\":\"ImageObject\",\"inLanguage\":\"en-US\",\"@id\":\"https:\/\/cnc-macek.si\/#\/schema\/logo\/image\/\",\"url\":\"https:\/\/cnc-macek.si\/wp-content\/uploads\/2022\/03\/logo-1.png\",\"contentUrl\":\"https:\/\/cnc-macek.si\/wp-content\/uploads\/2022\/03\/logo-1.png\",\"width\":300,\"height\":101,\"caption\":\"Klju\u010davni\u010darstvo ma\u010dek d.o.o.\"},\"image\":{\"@id\":\"https:\/\/cnc-macek.si\/#\/schema\/logo\/image\/\"}}]}<\/script>\n<!-- \/ Yoast SEO plugin. -->","yoast_head_json":{"title":"Kontakt - Klju\u010davni\u010darstvo ma\u010dek d.o.o.","robots":{"index":"index","follow":"follow","max-snippet":"max-snippet:-1","max-image-preview":"max-image-preview:large","max-video-preview":"max-video-preview:-1"},"canonical":"https:\/\/cnc-macek.si\/en\/kontakt\/","og_locale":"en_US","og_type":"article","og_title":"Kontakt - Klju\u010davni\u010darstvo ma\u010dek d.o.o.","og_description":"Kontakt Domov Kontakt Kontakt Kje se nahajamo? Klju\u010davni\u010darstvo Ma\u010dek d.o.o.Cesta talcev 111370 Logatec Kontakt Tel.: (01) 756 47 27E-naslov:\u00a0info@macekdoo.si Direktor: 041 406 460 Delavni \u010das:Pon &#8211; Pet: 7:00-15:00 Klju\u010davni\u010darstvo Ma\u010dek Zgodovina podjetja Za\u010detek podjetja sega v leto 1968, ko je o\u010de Anton Ma\u010dek pri\u010del z obrtno dejavnostjo. Z dejavnostjo v doma\u010di delavnici v Logatcu leta [&hellip;]","og_url":"https:\/\/cnc-macek.si\/en\/kontakt\/","og_site_name":"Klju\u010davni\u010darstvo ma\u010dek d.o.o.","article_modified_time":"2022-12-21T10:27:37+00:00","twitter_card":"summary_large_image","twitter_misc":{"Est. reading time":"2 minutes"},"schema":{"@context":"https:\/\/schema.org","@graph":[{"@type":"WebPage","@id":"https:\/\/cnc-macek.si\/kontakt\/","url":"https:\/\/cnc-macek.si\/kontakt\/","name":"Kontakt - Klju\u010davni\u010darstvo ma\u010dek d.o.o.","isPartOf":{"@id":"https:\/\/cnc-macek.si\/#website"},"datePublished":"2022-03-05T14:07:17+00:00","dateModified":"2022-12-21T10:27:37+00:00","breadcrumb":{"@id":"https:\/\/cnc-macek.si\/kontakt\/#breadcrumb"},"inLanguage":"en-US","potentialAction":[{"@type":"ReadAction","target":["https:\/\/cnc-macek.si\/kontakt\/"]}]},{"@type":"BreadcrumbList","@id":"https:\/\/cnc-macek.si\/kontakt\/#breadcrumb","itemListElement":[{"@type":"ListItem","position":1,"name":"Home","item":"https:\/\/cnc-macek.si\/"},{"@type":"ListItem","position":2,"name":"Kontakt"}]},{"@type":"WebSite","@id":"https:\/\/cnc-macek.si\/#website","url":"https:\/\/cnc-macek.si\/","name":"Klju\u010davni\u010darstvo ma\u010dek d.o.o.","description":"","publisher":{"@id":"https:\/\/cnc-macek.si\/#organization"},"potentialAction":[{"@type":"SearchAction","target":{"@type":"EntryPoint","urlTemplate":"https:\/\/cnc-macek.si\/?s={search_term_string}"},"query-input":{"@type":"PropertyValueSpecification","valueRequired":true,"valueName":"search_term_string"}}],"inLanguage":"en-US"},{"@type":"Organization","@id":"https:\/\/cnc-macek.si\/#organization","name":"Klju\u010davni\u010darstvo ma\u010dek d.o.o.","url":"https:\/\/cnc-macek.si\/","logo":{"@type":"ImageObject","inLanguage":"en-US","@id":"https:\/\/cnc-macek.si\/#\/schema\/logo\/image\/","url":"https:\/\/cnc-macek.si\/wp-content\/uploads\/2022\/03\/logo-1.png","contentUrl":"https:\/\/cnc-macek.si\/wp-content\/uploads\/2022\/03\/logo-1.png","width":300,"height":101,"caption":"Klju\u010davni\u010darstvo ma\u010dek d.o.o."},"image":{"@id":"https:\/\/cnc-macek.si\/#\/schema\/logo\/image\/"}}]}},"_links":{"self":[{"href":"https:\/\/cnc-macek.si\/en\/wp-json\/wp\/v2\/pages\/34","targetHints":{"allow":["GET"]}}],"collection":[{"href":"https:\/\/cnc-macek.si\/en\/wp-json\/wp\/v2\/pages"}],"about":[{"href":"https:\/\/cnc-macek.si\/en\/wp-json\/wp\/v2\/types\/page"}],"author":[{"embeddable":true,"href":"https:\/\/cnc-macek.si\/en\/wp-json\/wp\/v2\/users\/1"}],"replies":[{"embeddable":true,"href":"https:\/\/cnc-macek.si\/en\/wp-json\/wp\/v2\/comments?post=34"}],"version-history":[{"count":54,"href":"https:\/\/cnc-macek.si\/en\/wp-json\/wp\/v2\/pages\/34\/revisions"}],"predecessor-version":[{"id":984,"href":"https:\/\/cnc-macek.si\/en\/wp-json\/wp\/v2\/pages\/34\/revisions\/984"}],"wp:attachment":[{"href":"https:\/\/cnc-macek.si\/en\/wp-json\/wp\/v2\/media?parent=34"}],"curies":[{"name":"wp","href":"https:\/\/api.w.org\/{rel}","templated":true}]}}