{"id":305,"date":"2022-03-26T11:09:20","date_gmt":"2022-03-26T11:09:20","guid":{"rendered":"https:\/\/cnc-macek.si\/?page_id=305"},"modified":"2022-11-17T23:39:01","modified_gmt":"2022-11-17T23:39:01","slug":"piskotki","status":"publish","type":"page","link":"https:\/\/cnc-macek.si\/en\/piskotki\/","title":{"rendered":"Cookies"},"content":{"rendered":"<div data-elementor-type=\"wp-page\" data-elementor-id=\"305\" class=\"elementor elementor-305\" data-elementor-post-type=\"page\">\n\t\t\t\t\t\t<section class=\"elementor-section elementor-top-section elementor-element elementor-element-967bce6 elementor-section-boxed elementor-section-height-default elementor-section-height-default\" data-id=\"967bce6\" data-element_type=\"section\" data-settings=\"{&quot;background_background&quot;:&quot;classic&quot;}\">\n\t\t\t\t\t\t\t<div class=\"elementor-background-overlay\"><\/div>\n\t\t\t\t\t\t\t<div class=\"elementor-container elementor-column-gap-default\">\n\t\t\t\t\t<div class=\"elementor-column elementor-col-100 elementor-top-column elementor-element elementor-element-8cd5650\" data-id=\"8cd5650\" data-element_type=\"column\" data-settings=\"{&quot;background_background&quot;:&quot;classic&quot;}\">\n\t\t\t<div class=\"elementor-widget-wrap elementor-element-populated\">\n\t\t\t\t\t<div class=\"elementor-background-overlay\"><\/div>\n\t\t\t\t\t\t<div class=\"elementor-element elementor-element-5dbec68 elementor-widget elementor-widget-heading\" data-id=\"5dbec68\" data-element_type=\"widget\" data-widget_type=\"heading.default\">\n\t\t\t\t<div class=\"elementor-widget-container\">\n\t\t\t\t\t<h1 class=\"elementor-heading-title elementor-size-default\">Cookies<\/h1>\t\t\t\t<\/div>\n\t\t\t\t<\/div>\n\t\t\t\t<div class=\"elementor-element elementor-element-a5c7a2e elementor-icon-list--layout-inline elementor-align-center elementor-list-item-link-full_width elementor-widget elementor-widget-icon-list\" data-id=\"a5c7a2e\" data-element_type=\"widget\" data-widget_type=\"icon-list.default\">\n\t\t\t\t<div class=\"elementor-widget-container\">\n\t\t\t\t\t\t\t<ul class=\"elementor-icon-list-items elementor-inline-items\">\n\t\t\t\t\t\t\t<li class=\"elementor-icon-list-item elementor-inline-item\">\n\t\t\t\t\t\t\t\t\t\t<span class=\"elementor-icon-list-text\">Home<\/span>\n\t\t\t\t\t\t\t\t\t<\/li>\n\t\t\t\t\t\t\t\t<li class=\"elementor-icon-list-item elementor-inline-item\">\n\t\t\t\t\t\t\t\t\t\t\t<span class=\"elementor-icon-list-icon\">\n\t\t\t\t\t\t\t<i aria-hidden=\"true\" class=\"fas fa-chevron-right\"><\/i>\t\t\t\t\t\t<\/span>\n\t\t\t\t\t\t\t\t\t\t<span class=\"elementor-icon-list-text\">Cookies<\/span>\n\t\t\t\t\t\t\t\t\t<\/li>\n\t\t\t\t\t\t<\/ul>\n\t\t\t\t\t\t<\/div>\n\t\t\t\t<\/div>\n\t\t\t\t\t<\/div>\n\t\t<\/div>\n\t\t\t\t\t<\/div>\n\t\t<\/section>\n\t\t\t\t<section class=\"elementor-section elementor-top-section elementor-element elementor-element-694f8ff elementor-section-boxed elementor-section-height-default elementor-section-height-default\" data-id=\"694f8ff\" data-element_type=\"section\">\n\t\t\t\t\t\t<div class=\"elementor-container elementor-column-gap-default\">\n\t\t\t\t\t<div class=\"elementor-column elementor-col-100 elementor-top-column elementor-element elementor-element-a2600e3\" data-id=\"a2600e3\" data-element_type=\"column\">\n\t\t\t<div class=\"elementor-widget-wrap elementor-element-populated\">\n\t\t\t\t\t\t<div class=\"elementor-element elementor-element-9545a52 elementor-widget elementor-widget-heading\" data-id=\"9545a52\" data-element_type=\"widget\" data-widget_type=\"heading.default\">\n\t\t\t\t<div class=\"elementor-widget-container\">\n\t\t\t\t\t<h1 class=\"elementor-heading-title elementor-size-default\">Cookies<\/h1>\t\t\t\t<\/div>\n\t\t\t\t<\/div>\n\t\t\t\t<div class=\"elementor-element elementor-element-b2982ef elementor-widget elementor-widget-text-editor\" data-id=\"b2982ef\" data-element_type=\"widget\" data-widget_type=\"text-editor.default\">\n\t\t\t\t<div class=\"elementor-widget-container\">\n\t\t\t\t\t\t\t\t\t<p>This notice is given in accordance with the Electronic Communications Act (ZEKom-1), which regulates the rules regarding the use of cookies and similar technologies for data storage or access to data stored on your computer or mobile device.<\/p><p>\u00a0<\/p><h4>WHAT ARE COOKIES<\/h4><p>Cookies are small text files that are downloaded to your computer or mobile device when you visit a website. Cookies usually contain the name of the server from which the cookie was sent; the lifetime of the cookie and the value, which is usually some randomly generated unique number.<\/p><p>Cookies on the website https:\/\/cnc-macek.si\/ ensure a better user experience and allow you to use the website and the functionality on the page (login to the branch, watch videos, share content on social networks) and collect aggregated information about the use of our Websites.<\/p><p>Cookies by themselves do not allow you to be identified and it is not possible to determine who you are specifically with them.<\/p><p>\u00a0<\/p><h4>TYPES OF COOKIES WE USE<\/h4><p>\u00a0<\/p><h6>GROUP 1 - NECESSARY COOKIES<\/h6><p>Cookies that enable you to access the website and are crucial for the operation of individual functionalities of the website are classified as strictly necessary cookies, which is why we always install them on your device. They are set when you make any interaction with the website and at the same time do not collect analytical or other data about your visit.<\/p><p>The table below shows the cookies we use on the website:<\/p><table class=\"table table-stripped\" cellspacing=\"0\" cellpadding=\"0\"><thead><tr><td><strong>SERVICE<\/strong><\/td><td><strong>COOKIE STORAGE TIME<\/strong><\/td><td><strong>INSTALLS AND MANAGES DATA<\/strong><\/td><td><strong>PURPOSE OF PROCESSING COLLECTED DATA WITH A COOKIE<\/strong><\/td><\/tr><\/thead><tbody><tr><td>cookie_consent<\/td><td>1 year<\/td><td>https:\/\/cnc-macek.si\/<\/td><td>With the help of this cookie, we remember your choice regarding the installation of cookies. The data collected with the help of the cookie is not shared with third parties.<\/td><\/tr><tr><td>language<\/td><td>1 year<\/td><td>https:\/\/cnc-macek.si\/<\/td><td>With the help of this cookie, we remember your choice regarding the language of the website. The data collected with the help of the cookie is not shared with third parties.<\/td><\/tr><tr><td>currency<\/td><td>1 year<\/td><td>https:\/\/cnc-macek.si\/<\/td><td>With the help of this cookie, we remember your choice regarding the currency of the website. The data collected with the help of the cookie is not shared with third parties.<\/td><\/tr><\/tbody><\/table><h5>\u00a0<\/h5><h6>GROUP 2 \u2013 OWN ANALYTIC COOKIES<\/h6><p>These include analytical and functional cookies, which we use to analyze traffic on the website.<\/p><p>Our own analytical cookies are installed on your device as soon as you arrive at our website and are always installed, unless you select the \"I do not agree\" option in the cookie installation settings.<\/p><p>Own analytical cookies do not collect data that would allow you to be identified. We ensure the protection of your privacy by encoding your IP address so that your device cannot be traced based on the collected data. We also do not share data collected through our own analytical cookies with third parties.<\/p><p>The table below shows the cookies we use on the website:<\/p><p><em>We currently do not use these cookies on the site.<\/em><\/p><p>\u00a0<\/p><h6>GROUP 3 \u2013 COOKIES OF PARTNER SERVICES<\/h6><p>These include cookies from our partner services, such as Facebook, LinkedIn, Google, etc. These cookies enable the use of plugins and features on the website that are connected to their social networks and other platforms and to track your use of their services. By using the website, you agree to the installation. If you do not agree with this, select \"I do not agree with the use\" and we will not install these cookies. It may happen that in this case some interesting functions of the website will not be available to you.<\/p><p>Third-party cookies are installed only when you explicitly allow this by selecting the \"I agree\" option in the cookie installation settings on our website. In the context of third-party cookies, we offer a better user experience, sharing content through various social networks, as well as adjusting the offer according to your wishes and needs, gathered through previous web browsing.<\/p><p><em>We currently do not use these cookies on the site.<\/em><\/p><p>\u00a0<\/p><h4>YOUR COOKIE SETTINGS ON OUR WEBSITE<\/h4><p>You can change your cookie settings at any time by clicking the cookies button in the lower left corner of the screen.<\/p>\t\t\t\t\t\t\t\t<\/div>\n\t\t\t\t<\/div>\n\t\t\t\t\t<\/div>\n\t\t<\/div>\n\t\t\t\t\t<\/div>\n\t\t<\/section>\n\t\t\t\t<\/div>","protected":false},"excerpt":{"rendered":"<p>Domov Pi\u0161kotki To obvestilo je podano v skladu z Zakonom o elektronskih komunikacijah (ZEKom-1), ki ureja pravila glede uporabe pi\u0161kotkov in podobnih tehnologij za shranjevanje podatkov ali dostop do podatkov, shranjenih na va\u0161em ra\u010dunalniku ali mobilni napravi. \u00a0 KAJ SO PI\u0160KOTKI Pi\u0161kotki so majhne tekstovne datoteke, ki se ob obisku spletne strani prenesejo na va\u0161 [&hellip;]<\/p>","protected":false},"author":1,"featured_media":0,"parent":0,"menu_order":0,"comment_status":"closed","ping_status":"closed","template":"","meta":{"footnotes":""},"class_list":["post-305","page","type-page","status-publish","hentry"],"yoast_head":"<!-- This site is optimized with the Yoast SEO plugin v25.3.1 - https:\/\/yoast.com\/wordpress\/plugins\/seo\/ -->\n<title>Pi\u0161kotki - Klju\u010davni\u010darstvo ma\u010dek d.o.o.<\/title>\n<meta name=\"robots\" content=\"index, follow, max-snippet:-1, max-image-preview:large, max-video-preview:-1\" \/>\n<link rel=\"canonical\" href=\"https:\/\/cnc-macek.si\/en\/piskotki\/\" \/>\n<meta property=\"og:locale\" content=\"en_US\" \/>\n<meta property=\"og:type\" content=\"article\" \/>\n<meta property=\"og:title\" content=\"Pi\u0161kotki - Klju\u010davni\u010darstvo ma\u010dek d.o.o.\" \/>\n<meta property=\"og:description\" content=\"Domov Pi\u0161kotki To obvestilo je podano v skladu z Zakonom o elektronskih komunikacijah (ZEKom-1), ki ureja pravila glede uporabe pi\u0161kotkov in podobnih tehnologij za shranjevanje podatkov ali dostop do podatkov, shranjenih na va\u0161em ra\u010dunalniku ali mobilni napravi. \u00a0 KAJ SO PI\u0160KOTKI Pi\u0161kotki so majhne tekstovne datoteke, ki se ob obisku spletne strani prenesejo na va\u0161 [&hellip;]\" \/>\n<meta property=\"og:url\" content=\"https:\/\/cnc-macek.si\/en\/piskotki\/\" \/>\n<meta property=\"og:site_name\" content=\"Klju\u010davni\u010darstvo ma\u010dek d.o.o.\" \/>\n<meta property=\"article:modified_time\" content=\"2022-11-17T23:39:01+00:00\" \/>\n<meta name=\"twitter:card\" content=\"summary_large_image\" \/>\n<meta name=\"twitter:label1\" content=\"Est. reading time\" \/>\n\t<meta name=\"twitter:data1\" content=\"4 minutes\" \/>\n<script type=\"application\/ld+json\" class=\"yoast-schema-graph\">{\"@context\":\"https:\/\/schema.org\",\"@graph\":[{\"@type\":\"WebPage\",\"@id\":\"https:\/\/cnc-macek.si\/piskotki\/\",\"url\":\"https:\/\/cnc-macek.si\/piskotki\/\",\"name\":\"Pi\u0161kotki - Klju\u010davni\u010darstvo ma\u010dek d.o.o.\",\"isPartOf\":{\"@id\":\"https:\/\/cnc-macek.si\/#website\"},\"datePublished\":\"2022-03-26T11:09:20+00:00\",\"dateModified\":\"2022-11-17T23:39:01+00:00\",\"breadcrumb\":{\"@id\":\"https:\/\/cnc-macek.si\/piskotki\/#breadcrumb\"},\"inLanguage\":\"en-US\",\"potentialAction\":[{\"@type\":\"ReadAction\",\"target\":[\"https:\/\/cnc-macek.si\/piskotki\/\"]}]},{\"@type\":\"BreadcrumbList\",\"@id\":\"https:\/\/cnc-macek.si\/piskotki\/#breadcrumb\",\"itemListElement\":[{\"@type\":\"ListItem\",\"position\":1,\"name\":\"Home\",\"item\":\"https:\/\/cnc-macek.si\/\"},{\"@type\":\"ListItem\",\"position\":2,\"name\":\"Pi\u0161kotki\"}]},{\"@type\":\"WebSite\",\"@id\":\"https:\/\/cnc-macek.si\/#website\",\"url\":\"https:\/\/cnc-macek.si\/\",\"name\":\"Klju\u010davni\u010darstvo ma\u010dek d.o.o.\",\"description\":\"\",\"publisher\":{\"@id\":\"https:\/\/cnc-macek.si\/#organization\"},\"potentialAction\":[{\"@type\":\"SearchAction\",\"target\":{\"@type\":\"EntryPoint\",\"urlTemplate\":\"https:\/\/cnc-macek.si\/?s={search_term_string}\"},\"query-input\":{\"@type\":\"PropertyValueSpecification\",\"valueRequired\":true,\"valueName\":\"search_term_string\"}}],\"inLanguage\":\"en-US\"},{\"@type\":\"Organization\",\"@id\":\"https:\/\/cnc-macek.si\/#organization\",\"name\":\"Klju\u010davni\u010darstvo ma\u010dek d.o.o.\",\"url\":\"https:\/\/cnc-macek.si\/\",\"logo\":{\"@type\":\"ImageObject\",\"inLanguage\":\"en-US\",\"@id\":\"https:\/\/cnc-macek.si\/#\/schema\/logo\/image\/\",\"url\":\"https:\/\/cnc-macek.si\/wp-content\/uploads\/2022\/03\/logo-1.png\",\"contentUrl\":\"https:\/\/cnc-macek.si\/wp-content\/uploads\/2022\/03\/logo-1.png\",\"width\":300,\"height\":101,\"caption\":\"Klju\u010davni\u010darstvo ma\u010dek d.o.o.\"},\"image\":{\"@id\":\"https:\/\/cnc-macek.si\/#\/schema\/logo\/image\/\"}}]}<\/script>\n<!-- \/ Yoast SEO plugin. -->","yoast_head_json":{"title":"Pi\u0161kotki - Klju\u010davni\u010darstvo ma\u010dek d.o.o.","robots":{"index":"index","follow":"follow","max-snippet":"max-snippet:-1","max-image-preview":"max-image-preview:large","max-video-preview":"max-video-preview:-1"},"canonical":"https:\/\/cnc-macek.si\/en\/piskotki\/","og_locale":"en_US","og_type":"article","og_title":"Pi\u0161kotki - Klju\u010davni\u010darstvo ma\u010dek d.o.o.","og_description":"Domov Pi\u0161kotki To obvestilo je podano v skladu z Zakonom o elektronskih komunikacijah (ZEKom-1), ki ureja pravila glede uporabe pi\u0161kotkov in podobnih tehnologij za shranjevanje podatkov ali dostop do podatkov, shranjenih na va\u0161em ra\u010dunalniku ali mobilni napravi. \u00a0 KAJ SO PI\u0160KOTKI Pi\u0161kotki so majhne tekstovne datoteke, ki se ob obisku spletne strani prenesejo na va\u0161 [&hellip;]","og_url":"https:\/\/cnc-macek.si\/en\/piskotki\/","og_site_name":"Klju\u010davni\u010darstvo ma\u010dek d.o.o.","article_modified_time":"2022-11-17T23:39:01+00:00","twitter_card":"summary_large_image","twitter_misc":{"Est. reading time":"4 minutes"},"schema":{"@context":"https:\/\/schema.org","@graph":[{"@type":"WebPage","@id":"https:\/\/cnc-macek.si\/piskotki\/","url":"https:\/\/cnc-macek.si\/piskotki\/","name":"Pi\u0161kotki - Klju\u010davni\u010darstvo ma\u010dek d.o.o.","isPartOf":{"@id":"https:\/\/cnc-macek.si\/#website"},"datePublished":"2022-03-26T11:09:20+00:00","dateModified":"2022-11-17T23:39:01+00:00","breadcrumb":{"@id":"https:\/\/cnc-macek.si\/piskotki\/#breadcrumb"},"inLanguage":"en-US","potentialAction":[{"@type":"ReadAction","target":["https:\/\/cnc-macek.si\/piskotki\/"]}]},{"@type":"BreadcrumbList","@id":"https:\/\/cnc-macek.si\/piskotki\/#breadcrumb","itemListElement":[{"@type":"ListItem","position":1,"name":"Home","item":"https:\/\/cnc-macek.si\/"},{"@type":"ListItem","position":2,"name":"Pi\u0161kotki"}]},{"@type":"WebSite","@id":"https:\/\/cnc-macek.si\/#website","url":"https:\/\/cnc-macek.si\/","name":"Klju\u010davni\u010darstvo ma\u010dek d.o.o.","description":"","publisher":{"@id":"https:\/\/cnc-macek.si\/#organization"},"potentialAction":[{"@type":"SearchAction","target":{"@type":"EntryPoint","urlTemplate":"https:\/\/cnc-macek.si\/?s={search_term_string}"},"query-input":{"@type":"PropertyValueSpecification","valueRequired":true,"valueName":"search_term_string"}}],"inLanguage":"en-US"},{"@type":"Organization","@id":"https:\/\/cnc-macek.si\/#organization","name":"Klju\u010davni\u010darstvo ma\u010dek d.o.o.","url":"https:\/\/cnc-macek.si\/","logo":{"@type":"ImageObject","inLanguage":"en-US","@id":"https:\/\/cnc-macek.si\/#\/schema\/logo\/image\/","url":"https:\/\/cnc-macek.si\/wp-content\/uploads\/2022\/03\/logo-1.png","contentUrl":"https:\/\/cnc-macek.si\/wp-content\/uploads\/2022\/03\/logo-1.png","width":300,"height":101,"caption":"Klju\u010davni\u010darstvo ma\u010dek d.o.o."},"image":{"@id":"https:\/\/cnc-macek.si\/#\/schema\/logo\/image\/"}}]}},"_links":{"self":[{"href":"https:\/\/cnc-macek.si\/en\/wp-json\/wp\/v2\/pages\/305","targetHints":{"allow":["GET"]}}],"collection":[{"href":"https:\/\/cnc-macek.si\/en\/wp-json\/wp\/v2\/pages"}],"about":[{"href":"https:\/\/cnc-macek.si\/en\/wp-json\/wp\/v2\/types\/page"}],"author":[{"embeddable":true,"href":"https:\/\/cnc-macek.si\/en\/wp-json\/wp\/v2\/users\/1"}],"replies":[{"embeddable":true,"href":"https:\/\/cnc-macek.si\/en\/wp-json\/wp\/v2\/comments?post=305"}],"version-history":[{"count":16,"href":"https:\/\/cnc-macek.si\/en\/wp-json\/wp\/v2\/pages\/305\/revisions"}],"predecessor-version":[{"id":796,"href":"https:\/\/cnc-macek.si\/en\/wp-json\/wp\/v2\/pages\/305\/revisions\/796"}],"wp:attachment":[{"href":"https:\/\/cnc-macek.si\/en\/wp-json\/wp\/v2\/media?parent=305"}],"curies":[{"name":"wp","href":"https:\/\/api.w.org\/{rel}","templated":true}]}}