{"id":30,"date":"2022-03-05T14:05:45","date_gmt":"2022-03-05T14:05:45","guid":{"rendered":"https:\/\/cnc-macek.si\/?page_id=30"},"modified":"2022-11-17T23:36:45","modified_gmt":"2022-11-17T23:36:45","slug":"cnc-obdelava","status":"publish","type":"page","link":"https:\/\/cnc-macek.si\/en\/cnc-obdelava\/","title":{"rendered":"CNC processing"},"content":{"rendered":"<div data-elementor-type=\"wp-page\" data-elementor-id=\"30\" class=\"elementor elementor-30\" data-elementor-post-type=\"page\">\n\t\t\t\t\t\t<section class=\"elementor-section elementor-top-section elementor-element elementor-element-352d63a8 elementor-section-boxed elementor-section-height-default elementor-section-height-default\" data-id=\"352d63a8\" data-element_type=\"section\" data-settings=\"{&quot;background_background&quot;:&quot;classic&quot;}\">\n\t\t\t\t\t\t\t<div class=\"elementor-background-overlay\"><\/div>\n\t\t\t\t\t\t\t<div class=\"elementor-container elementor-column-gap-default\">\n\t\t\t\t\t<div class=\"elementor-column elementor-col-100 elementor-top-column elementor-element elementor-element-2f062d9d\" data-id=\"2f062d9d\" data-element_type=\"column\" data-settings=\"{&quot;background_background&quot;:&quot;classic&quot;}\">\n\t\t\t<div class=\"elementor-widget-wrap elementor-element-populated\">\n\t\t\t\t\t<div class=\"elementor-background-overlay\"><\/div>\n\t\t\t\t\t\t<div class=\"elementor-element elementor-element-11361751 elementor-widget elementor-widget-heading\" data-id=\"11361751\" data-element_type=\"widget\" data-widget_type=\"heading.default\">\n\t\t\t\t<div class=\"elementor-widget-container\">\n\t\t\t\t\t<h1 class=\"elementor-heading-title elementor-size-default\">CNC processing\n<\/h1>\t\t\t\t<\/div>\n\t\t\t\t<\/div>\n\t\t\t\t<div class=\"elementor-element elementor-element-5b36afde elementor-icon-list--layout-inline elementor-align-center elementor-list-item-link-full_width elementor-widget elementor-widget-icon-list\" data-id=\"5b36afde\" data-element_type=\"widget\" data-widget_type=\"icon-list.default\">\n\t\t\t\t<div class=\"elementor-widget-container\">\n\t\t\t\t\t\t\t<ul class=\"elementor-icon-list-items elementor-inline-items\">\n\t\t\t\t\t\t\t<li class=\"elementor-icon-list-item elementor-inline-item\">\n\t\t\t\t\t\t\t\t\t\t<span class=\"elementor-icon-list-text\">Home<\/span>\n\t\t\t\t\t\t\t\t\t<\/li>\n\t\t\t\t\t\t\t\t<li class=\"elementor-icon-list-item elementor-inline-item\">\n\t\t\t\t\t\t\t\t\t\t\t<span class=\"elementor-icon-list-icon\">\n\t\t\t\t\t\t\t<i aria-hidden=\"true\" class=\"fas fa-chevron-right\"><\/i>\t\t\t\t\t\t<\/span>\n\t\t\t\t\t\t\t\t\t\t<span class=\"elementor-icon-list-text\">CNC processing<\/span>\n\t\t\t\t\t\t\t\t\t<\/li>\n\t\t\t\t\t\t<\/ul>\n\t\t\t\t\t\t<\/div>\n\t\t\t\t<\/div>\n\t\t\t\t\t<\/div>\n\t\t<\/div>\n\t\t\t\t\t<\/div>\n\t\t<\/section>\n\t\t\t\t<section class=\"elementor-section elementor-top-section elementor-element elementor-element-a5150c6 elementor-section-boxed elementor-section-height-default elementor-section-height-default\" data-id=\"a5150c6\" data-element_type=\"section\" data-settings=\"{&quot;background_background&quot;:&quot;classic&quot;}\">\n\t\t\t\t\t\t\t<div class=\"elementor-background-overlay\"><\/div>\n\t\t\t\t\t\t\t<div class=\"elementor-container elementor-column-gap-default\">\n\t\t\t\t\t<div class=\"elementor-column elementor-col-100 elementor-top-column elementor-element elementor-element-7bdbb727\" data-id=\"7bdbb727\" data-element_type=\"column\">\n\t\t\t<div class=\"elementor-widget-wrap elementor-element-populated\">\n\t\t\t\t\t\t<div class=\"elementor-element elementor-element-52c339aa elementor-widget elementor-widget-heading\" data-id=\"52c339aa\" data-element_type=\"widget\" data-widget_type=\"heading.default\">\n\t\t\t\t<div class=\"elementor-widget-container\">\n\t\t\t\t\t<h2 class=\"elementor-heading-title elementor-size-default\">CNC processing\n<\/h2>\t\t\t\t<\/div>\n\t\t\t\t<\/div>\n\t\t\t\t<div class=\"elementor-element elementor-element-e631fc3 elementor-widget elementor-widget-text-editor\" data-id=\"e631fc3\" data-element_type=\"widget\" data-widget_type=\"text-editor.default\">\n\t\t\t\t<div class=\"elementor-widget-container\">\n\t\t\t\t\t\t\t\t\t<p>We specialize in CNC processing of aluminum castings, where we have extensive experience to help you achieve the best path to the product you want.<\/p>\t\t\t\t\t\t\t\t<\/div>\n\t\t\t\t<\/div>\n\t\t\t\t<section class=\"elementor-section elementor-inner-section elementor-element elementor-element-9ae2024 elementor-section-full_width elementor-section-height-default elementor-section-height-default\" data-id=\"9ae2024\" data-element_type=\"section\">\n\t\t\t\t\t\t<div class=\"elementor-container elementor-column-gap-no\">\n\t\t\t\t\t<div class=\"elementor-column elementor-col-33 elementor-inner-column elementor-element elementor-element-24eee9f\" data-id=\"24eee9f\" data-element_type=\"column\">\n\t\t\t<div class=\"elementor-widget-wrap elementor-element-populated\">\n\t\t\t\t\t\t<div class=\"elementor-element elementor-element-a6ce048 elementor-align-left elementor-icon-list--layout-traditional elementor-list-item-link-full_width elementor-widget elementor-widget-icon-list\" data-id=\"a6ce048\" data-element_type=\"widget\" data-widget_type=\"icon-list.default\">\n\t\t\t\t<div class=\"elementor-widget-container\">\n\t\t\t\t\t\t\t<ul class=\"elementor-icon-list-items\">\n\t\t\t\t\t\t\t<li class=\"elementor-icon-list-item\">\n\t\t\t\t\t\t\t\t\t\t<span class=\"elementor-icon-list-text\"><b><h5>Our CNC machining offer includes:<\/h5><\/b><\/span>\n\t\t\t\t\t\t\t\t\t<\/li>\n\t\t\t\t\t\t\t\t<li class=\"elementor-icon-list-item\">\n\t\t\t\t\t\t\t\t\t\t\t<span class=\"elementor-icon-list-icon\">\n\t\t\t\t\t\t\t<i aria-hidden=\"true\" class=\"fas fa-minus\"><\/i>\t\t\t\t\t\t<\/span>\n\t\t\t\t\t\t\t\t\t\t<span class=\"elementor-icon-list-text\">made-to-order products<\/span>\n\t\t\t\t\t\t\t\t\t<\/li>\n\t\t\t\t\t\t\t\t<li class=\"elementor-icon-list-item\">\n\t\t\t\t\t\t\t\t\t\t\t<span class=\"elementor-icon-list-icon\">\n\t\t\t\t\t\t\t<i aria-hidden=\"true\" class=\"fas fa-minus\"><\/i>\t\t\t\t\t\t<\/span>\n\t\t\t\t\t\t\t\t\t\t<span class=\"elementor-icon-list-text\">counseling<\/span>\n\t\t\t\t\t\t\t\t\t<\/li>\n\t\t\t\t\t\t\t\t<li class=\"elementor-icon-list-item\">\n\t\t\t\t\t\t\t\t\t\t\t<span class=\"elementor-icon-list-icon\">\n\t\t\t\t\t\t\t<i aria-hidden=\"true\" class=\"fas fa-minus\"><\/i>\t\t\t\t\t\t<\/span>\n\t\t\t\t\t\t\t\t\t\t<span class=\"elementor-icon-list-text\">processing<\/span>\n\t\t\t\t\t\t\t\t\t<\/li>\n\t\t\t\t\t\t\t\t<li class=\"elementor-icon-list-item\">\n\t\t\t\t\t\t\t\t\t\t\t<span class=\"elementor-icon-list-icon\">\n\t\t\t\t\t\t\t<i aria-hidden=\"true\" class=\"fas fa-minus\"><\/i>\t\t\t\t\t\t<\/span>\n\t\t\t\t\t\t\t\t\t\t<span class=\"elementor-icon-list-text\">final processing<\/span>\n\t\t\t\t\t\t\t\t\t<\/li>\n\t\t\t\t\t\t<\/ul>\n\t\t\t\t\t\t<\/div>\n\t\t\t\t<\/div>\n\t\t\t\t\t<\/div>\n\t\t<\/div>\n\t\t\t\t<div class=\"elementor-column elementor-col-33 elementor-inner-column elementor-element elementor-element-1dcee34\" data-id=\"1dcee34\" data-element_type=\"column\">\n\t\t\t<div class=\"elementor-widget-wrap elementor-element-populated\">\n\t\t\t\t\t\t<div class=\"elementor-element elementor-element-6fb1957 elementor-icon-list--layout-traditional elementor-list-item-link-full_width elementor-widget elementor-widget-icon-list\" data-id=\"6fb1957\" data-element_type=\"widget\" data-widget_type=\"icon-list.default\">\n\t\t\t\t<div class=\"elementor-widget-container\">\n\t\t\t\t\t\t\t<ul class=\"elementor-icon-list-items\">\n\t\t\t\t\t\t\t<li class=\"elementor-icon-list-item\">\n\t\t\t\t\t\t\t\t\t\t<span class=\"elementor-icon-list-text\"><b><h5>REZKANJE:<\/h5><\/b><\/span>\n\t\t\t\t\t\t\t\t\t<\/li>\n\t\t\t\t\t\t\t\t<li class=\"elementor-icon-list-item\">\n\t\t\t\t\t\t\t\t\t\t\t<span class=\"elementor-icon-list-icon\">\n\t\t\t\t\t\t\t<i aria-hidden=\"true\" class=\"fas fa-minus\"><\/i>\t\t\t\t\t\t<\/span>\n\t\t\t\t\t\t\t\t\t\t<span class=\"elementor-icon-list-text\">max. X workpiece = 560mm<\/span>\n\t\t\t\t\t\t\t\t\t<\/li>\n\t\t\t\t\t\t\t\t<li class=\"elementor-icon-list-item\">\n\t\t\t\t\t\t\t\t\t\t\t<span class=\"elementor-icon-list-icon\">\n\t\t\t\t\t\t\t<i aria-hidden=\"true\" class=\"fas fa-minus\"><\/i>\t\t\t\t\t\t<\/span>\n\t\t\t\t\t\t\t\t\t\t<span class=\"elementor-icon-list-text\">max. Y workpiece = 510mm<\/span>\n\t\t\t\t\t\t\t\t\t<\/li>\n\t\t\t\t\t\t\t\t<li class=\"elementor-icon-list-item\">\n\t\t\t\t\t\t\t\t\t\t\t<span class=\"elementor-icon-list-icon\">\n\t\t\t\t\t\t\t<i aria-hidden=\"true\" class=\"fas fa-minus\"><\/i>\t\t\t\t\t\t<\/span>\n\t\t\t\t\t\t\t\t\t\t<span class=\"elementor-icon-list-text\">max. Z workpiece = 630mm<\/span>\n\t\t\t\t\t\t\t\t\t<\/li>\n\t\t\t\t\t\t\t\t<li class=\"elementor-icon-list-item\">\n\t\t\t\t\t\t\t\t\t\t\t<span class=\"elementor-icon-list-icon\">\n\t\t\t\t\t\t\t<i aria-hidden=\"true\" class=\"fas fa-minus\"><\/i>\t\t\t\t\t\t<\/span>\n\t\t\t\t\t\t\t\t\t\t<span class=\"elementor-icon-list-text\">Number of tools = 40<\/span>\n\t\t\t\t\t\t\t\t\t<\/li>\n\t\t\t\t\t\t<\/ul>\n\t\t\t\t\t\t<\/div>\n\t\t\t\t<\/div>\n\t\t\t\t\t<\/div>\n\t\t<\/div>\n\t\t\t\t<div class=\"elementor-column elementor-col-33 elementor-inner-column elementor-element elementor-element-9fc44ec\" data-id=\"9fc44ec\" data-element_type=\"column\">\n\t\t\t<div class=\"elementor-widget-wrap elementor-element-populated\">\n\t\t\t\t\t\t<div class=\"elementor-element elementor-element-2740c9c elementor-icon-list--layout-traditional elementor-list-item-link-full_width elementor-widget elementor-widget-icon-list\" data-id=\"2740c9c\" data-element_type=\"widget\" data-widget_type=\"icon-list.default\">\n\t\t\t\t<div class=\"elementor-widget-container\">\n\t\t\t\t\t\t\t<ul class=\"elementor-icon-list-items\">\n\t\t\t\t\t\t\t<li class=\"elementor-icon-list-item\">\n\t\t\t\t\t\t\t\t\t\t<span class=\"elementor-icon-list-text\"><b><h5>STRU\u017dENJE:<\/h5><\/b><\/span>\n\t\t\t\t\t\t\t\t\t<\/li>\n\t\t\t\t\t\t\t\t<li class=\"elementor-icon-list-item\">\n\t\t\t\t\t\t\t\t\t\t\t<span class=\"elementor-icon-list-icon\">\n\t\t\t\t\t\t\t<i aria-hidden=\"true\" class=\"fas fa-minus\"><\/i>\t\t\t\t\t\t<\/span>\n\t\t\t\t\t\t\t\t\t\t<span class=\"elementor-icon-list-text\">max. workpiece diameter = 600mm<\/span>\n\t\t\t\t\t\t\t\t\t<\/li>\n\t\t\t\t\t\t\t\t<li class=\"elementor-icon-list-item\">\n\t\t\t\t\t\t\t\t\t\t\t<span class=\"elementor-icon-list-icon\">\n\t\t\t\t\t\t\t<i aria-hidden=\"true\" class=\"fas fa-minus\"><\/i>\t\t\t\t\t\t<\/span>\n\t\t\t\t\t\t\t\t\t\t<span class=\"elementor-icon-list-text\">max. length of the workpiece = 1200mm<\/span>\n\t\t\t\t\t\t\t\t\t<\/li>\n\t\t\t\t\t\t\t\t<li class=\"elementor-icon-list-item\">\n\t\t\t\t\t\t\t\t\t\t\t<span class=\"elementor-icon-list-icon\">\n\t\t\t\t\t\t\t<i aria-hidden=\"true\" class=\"fas fa-minus\"><\/i>\t\t\t\t\t\t<\/span>\n\t\t\t\t\t\t\t\t\t\t<span class=\"elementor-icon-list-text\">Number of tools = 12<\/span>\n\t\t\t\t\t\t\t\t\t<\/li>\n\t\t\t\t\t\t<\/ul>\n\t\t\t\t\t\t<\/div>\n\t\t\t\t<\/div>\n\t\t\t\t\t<\/div>\n\t\t<\/div>\n\t\t\t\t\t<\/div>\n\t\t<\/section>\n\t\t\t\t\t<\/div>\n\t\t<\/div>\n\t\t\t\t\t<\/div>\n\t\t<\/section>\n\t\t\t\t<\/div>","protected":false},"excerpt":{"rendered":"<p>CNC obdelava Domov CNC obdelava CNC obdelava Specializirani smo v CNC obdelavi aluminijastih odlitkov, kjer imamo bogate izku\u0161nje s katerimi vam pomagamo, da skupaj dose\u017eemo najbolj\u0161o pot do izdelka, ki ga \u017eelite. Na\u0161a ponudba CNC obdelave obsega: izdelki po naro\u010dilu svetovanje obdelava kon\u010dna obdelava REZKANJE: max. X obdelovanca = 560mm max. Y obdelovanca = 510mm [&hellip;]<\/p>","protected":false},"author":1,"featured_media":0,"parent":0,"menu_order":0,"comment_status":"closed","ping_status":"closed","template":"","meta":{"footnotes":""},"class_list":["post-30","page","type-page","status-publish","hentry"],"yoast_head":"<!-- This site is optimized with the Yoast SEO plugin v25.3.1 - https:\/\/yoast.com\/wordpress\/plugins\/seo\/ -->\n<title>CNC obdelava - Klju\u010davni\u010darstvo ma\u010dek d.o.o.<\/title>\n<meta name=\"robots\" content=\"index, follow, max-snippet:-1, max-image-preview:large, max-video-preview:-1\" \/>\n<link rel=\"canonical\" href=\"https:\/\/cnc-macek.si\/en\/cnc-obdelava\/\" \/>\n<meta property=\"og:locale\" content=\"en_US\" \/>\n<meta property=\"og:type\" content=\"article\" \/>\n<meta property=\"og:title\" content=\"CNC obdelava - Klju\u010davni\u010darstvo ma\u010dek d.o.o.\" \/>\n<meta property=\"og:description\" content=\"CNC obdelava Domov CNC obdelava CNC obdelava Specializirani smo v CNC obdelavi aluminijastih odlitkov, kjer imamo bogate izku\u0161nje s katerimi vam pomagamo, da skupaj dose\u017eemo najbolj\u0161o pot do izdelka, ki ga \u017eelite. Na\u0161a ponudba CNC obdelave obsega: izdelki po naro\u010dilu svetovanje obdelava kon\u010dna obdelava REZKANJE: max. X obdelovanca = 560mm max. Y obdelovanca = 510mm [&hellip;]\" \/>\n<meta property=\"og:url\" content=\"https:\/\/cnc-macek.si\/en\/cnc-obdelava\/\" \/>\n<meta property=\"og:site_name\" content=\"Klju\u010davni\u010darstvo ma\u010dek d.o.o.\" \/>\n<meta property=\"article:modified_time\" content=\"2022-11-17T23:36:45+00:00\" \/>\n<meta name=\"twitter:card\" content=\"summary_large_image\" \/>\n<meta name=\"twitter:label1\" content=\"Est. reading time\" \/>\n\t<meta name=\"twitter:data1\" content=\"1 minute\" \/>\n<script type=\"application\/ld+json\" class=\"yoast-schema-graph\">{\"@context\":\"https:\/\/schema.org\",\"@graph\":[{\"@type\":\"WebPage\",\"@id\":\"https:\/\/cnc-macek.si\/cnc-obdelava\/\",\"url\":\"https:\/\/cnc-macek.si\/cnc-obdelava\/\",\"name\":\"CNC obdelava - Klju\u010davni\u010darstvo ma\u010dek d.o.o.\",\"isPartOf\":{\"@id\":\"https:\/\/cnc-macek.si\/#website\"},\"datePublished\":\"2022-03-05T14:05:45+00:00\",\"dateModified\":\"2022-11-17T23:36:45+00:00\",\"breadcrumb\":{\"@id\":\"https:\/\/cnc-macek.si\/cnc-obdelava\/#breadcrumb\"},\"inLanguage\":\"en-US\",\"potentialAction\":[{\"@type\":\"ReadAction\",\"target\":[\"https:\/\/cnc-macek.si\/cnc-obdelava\/\"]}]},{\"@type\":\"BreadcrumbList\",\"@id\":\"https:\/\/cnc-macek.si\/cnc-obdelava\/#breadcrumb\",\"itemListElement\":[{\"@type\":\"ListItem\",\"position\":1,\"name\":\"Home\",\"item\":\"https:\/\/cnc-macek.si\/\"},{\"@type\":\"ListItem\",\"position\":2,\"name\":\"CNC obdelava\"}]},{\"@type\":\"WebSite\",\"@id\":\"https:\/\/cnc-macek.si\/#website\",\"url\":\"https:\/\/cnc-macek.si\/\",\"name\":\"Klju\u010davni\u010darstvo ma\u010dek d.o.o.\",\"description\":\"\",\"publisher\":{\"@id\":\"https:\/\/cnc-macek.si\/#organization\"},\"potentialAction\":[{\"@type\":\"SearchAction\",\"target\":{\"@type\":\"EntryPoint\",\"urlTemplate\":\"https:\/\/cnc-macek.si\/?s={search_term_string}\"},\"query-input\":{\"@type\":\"PropertyValueSpecification\",\"valueRequired\":true,\"valueName\":\"search_term_string\"}}],\"inLanguage\":\"en-US\"},{\"@type\":\"Organization\",\"@id\":\"https:\/\/cnc-macek.si\/#organization\",\"name\":\"Klju\u010davni\u010darstvo ma\u010dek d.o.o.\",\"url\":\"https:\/\/cnc-macek.si\/\",\"logo\":{\"@type\":\"ImageObject\",\"inLanguage\":\"en-US\",\"@id\":\"https:\/\/cnc-macek.si\/#\/schema\/logo\/image\/\",\"url\":\"https:\/\/cnc-macek.si\/wp-content\/uploads\/2022\/03\/logo-1.png\",\"contentUrl\":\"https:\/\/cnc-macek.si\/wp-content\/uploads\/2022\/03\/logo-1.png\",\"width\":300,\"height\":101,\"caption\":\"Klju\u010davni\u010darstvo ma\u010dek d.o.o.\"},\"image\":{\"@id\":\"https:\/\/cnc-macek.si\/#\/schema\/logo\/image\/\"}}]}<\/script>\n<!-- \/ Yoast SEO plugin. -->","yoast_head_json":{"title":"CNC obdelava - Klju\u010davni\u010darstvo ma\u010dek d.o.o.","robots":{"index":"index","follow":"follow","max-snippet":"max-snippet:-1","max-image-preview":"max-image-preview:large","max-video-preview":"max-video-preview:-1"},"canonical":"https:\/\/cnc-macek.si\/en\/cnc-obdelava\/","og_locale":"en_US","og_type":"article","og_title":"CNC obdelava - Klju\u010davni\u010darstvo ma\u010dek d.o.o.","og_description":"CNC obdelava Domov CNC obdelava CNC obdelava Specializirani smo v CNC obdelavi aluminijastih odlitkov, kjer imamo bogate izku\u0161nje s katerimi vam pomagamo, da skupaj dose\u017eemo najbolj\u0161o pot do izdelka, ki ga \u017eelite. Na\u0161a ponudba CNC obdelave obsega: izdelki po naro\u010dilu svetovanje obdelava kon\u010dna obdelava REZKANJE: max. X obdelovanca = 560mm max. Y obdelovanca = 510mm [&hellip;]","og_url":"https:\/\/cnc-macek.si\/en\/cnc-obdelava\/","og_site_name":"Klju\u010davni\u010darstvo ma\u010dek d.o.o.","article_modified_time":"2022-11-17T23:36:45+00:00","twitter_card":"summary_large_image","twitter_misc":{"Est. reading time":"1 minute"},"schema":{"@context":"https:\/\/schema.org","@graph":[{"@type":"WebPage","@id":"https:\/\/cnc-macek.si\/cnc-obdelava\/","url":"https:\/\/cnc-macek.si\/cnc-obdelava\/","name":"CNC obdelava - Klju\u010davni\u010darstvo ma\u010dek d.o.o.","isPartOf":{"@id":"https:\/\/cnc-macek.si\/#website"},"datePublished":"2022-03-05T14:05:45+00:00","dateModified":"2022-11-17T23:36:45+00:00","breadcrumb":{"@id":"https:\/\/cnc-macek.si\/cnc-obdelava\/#breadcrumb"},"inLanguage":"en-US","potentialAction":[{"@type":"ReadAction","target":["https:\/\/cnc-macek.si\/cnc-obdelava\/"]}]},{"@type":"BreadcrumbList","@id":"https:\/\/cnc-macek.si\/cnc-obdelava\/#breadcrumb","itemListElement":[{"@type":"ListItem","position":1,"name":"Home","item":"https:\/\/cnc-macek.si\/"},{"@type":"ListItem","position":2,"name":"CNC obdelava"}]},{"@type":"WebSite","@id":"https:\/\/cnc-macek.si\/#website","url":"https:\/\/cnc-macek.si\/","name":"Klju\u010davni\u010darstvo ma\u010dek d.o.o.","description":"","publisher":{"@id":"https:\/\/cnc-macek.si\/#organization"},"potentialAction":[{"@type":"SearchAction","target":{"@type":"EntryPoint","urlTemplate":"https:\/\/cnc-macek.si\/?s={search_term_string}"},"query-input":{"@type":"PropertyValueSpecification","valueRequired":true,"valueName":"search_term_string"}}],"inLanguage":"en-US"},{"@type":"Organization","@id":"https:\/\/cnc-macek.si\/#organization","name":"Klju\u010davni\u010darstvo ma\u010dek d.o.o.","url":"https:\/\/cnc-macek.si\/","logo":{"@type":"ImageObject","inLanguage":"en-US","@id":"https:\/\/cnc-macek.si\/#\/schema\/logo\/image\/","url":"https:\/\/cnc-macek.si\/wp-content\/uploads\/2022\/03\/logo-1.png","contentUrl":"https:\/\/cnc-macek.si\/wp-content\/uploads\/2022\/03\/logo-1.png","width":300,"height":101,"caption":"Klju\u010davni\u010darstvo ma\u010dek d.o.o."},"image":{"@id":"https:\/\/cnc-macek.si\/#\/schema\/logo\/image\/"}}]}},"_links":{"self":[{"href":"https:\/\/cnc-macek.si\/en\/wp-json\/wp\/v2\/pages\/30","targetHints":{"allow":["GET"]}}],"collection":[{"href":"https:\/\/cnc-macek.si\/en\/wp-json\/wp\/v2\/pages"}],"about":[{"href":"https:\/\/cnc-macek.si\/en\/wp-json\/wp\/v2\/types\/page"}],"author":[{"embeddable":true,"href":"https:\/\/cnc-macek.si\/en\/wp-json\/wp\/v2\/users\/1"}],"replies":[{"embeddable":true,"href":"https:\/\/cnc-macek.si\/en\/wp-json\/wp\/v2\/comments?post=30"}],"version-history":[{"count":19,"href":"https:\/\/cnc-macek.si\/en\/wp-json\/wp\/v2\/pages\/30\/revisions"}],"predecessor-version":[{"id":783,"href":"https:\/\/cnc-macek.si\/en\/wp-json\/wp\/v2\/pages\/30\/revisions\/783"}],"wp:attachment":[{"href":"https:\/\/cnc-macek.si\/en\/wp-json\/wp\/v2\/media?parent=30"}],"curies":[{"name":"wp","href":"https:\/\/api.w.org\/{rel}","templated":true}]}}