{"id":28,"date":"2022-03-05T14:05:18","date_gmt":"2022-03-05T14:05:18","guid":{"rendered":"https:\/\/cnc-macek.si\/?page_id=28"},"modified":"2022-11-17T23:05:10","modified_gmt":"2022-11-17T23:05:10","slug":"krivljenje-plocevine","status":"publish","type":"page","link":"https:\/\/cnc-macek.si\/en\/krivljenje-plocevine\/","title":{"rendered":"Sheet metal bending"},"content":{"rendered":"<div data-elementor-type=\"wp-page\" data-elementor-id=\"28\" class=\"elementor elementor-28\" data-elementor-post-type=\"page\">\n\t\t\t\t\t\t<section class=\"elementor-section elementor-top-section elementor-element elementor-element-1ff453ee elementor-section-boxed elementor-section-height-default elementor-section-height-default\" data-id=\"1ff453ee\" data-element_type=\"section\" data-settings=\"{&quot;background_background&quot;:&quot;classic&quot;}\">\n\t\t\t\t\t\t\t<div class=\"elementor-background-overlay\"><\/div>\n\t\t\t\t\t\t\t<div class=\"elementor-container elementor-column-gap-default\">\n\t\t\t\t\t<div class=\"elementor-column elementor-col-100 elementor-top-column elementor-element elementor-element-4f5fd7ab\" data-id=\"4f5fd7ab\" data-element_type=\"column\" data-settings=\"{&quot;background_background&quot;:&quot;classic&quot;}\">\n\t\t\t<div class=\"elementor-widget-wrap elementor-element-populated\">\n\t\t\t\t\t<div class=\"elementor-background-overlay\"><\/div>\n\t\t\t\t\t\t<div class=\"elementor-element elementor-element-2df58e25 elementor-widget elementor-widget-heading\" data-id=\"2df58e25\" data-element_type=\"widget\" data-widget_type=\"heading.default\">\n\t\t\t\t<div class=\"elementor-widget-container\">\n\t\t\t\t\t<h2 class=\"elementor-heading-title elementor-size-default\">Krivljenje, razrez in valjanje\nplo\u010devine<\/h2>\t\t\t\t<\/div>\n\t\t\t\t<\/div>\n\t\t\t\t<div class=\"elementor-element elementor-element-2f13a530 elementor-icon-list--layout-inline elementor-align-center elementor-list-item-link-full_width elementor-widget elementor-widget-icon-list\" data-id=\"2f13a530\" data-element_type=\"widget\" data-widget_type=\"icon-list.default\">\n\t\t\t\t<div class=\"elementor-widget-container\">\n\t\t\t\t\t\t\t<ul class=\"elementor-icon-list-items elementor-inline-items\">\n\t\t\t\t\t\t\t<li class=\"elementor-icon-list-item elementor-inline-item\">\n\t\t\t\t\t\t\t\t\t\t<span class=\"elementor-icon-list-text\">Home<\/span>\n\t\t\t\t\t\t\t\t\t<\/li>\n\t\t\t\t\t\t\t\t<li class=\"elementor-icon-list-item elementor-inline-item\">\n\t\t\t\t\t\t\t\t\t\t\t<span class=\"elementor-icon-list-icon\">\n\t\t\t\t\t\t\t<i aria-hidden=\"true\" class=\"fas fa-chevron-right\"><\/i>\t\t\t\t\t\t<\/span>\n\t\t\t\t\t\t\t\t\t\t<span class=\"elementor-icon-list-text\">Sheet metal bending<\/span>\n\t\t\t\t\t\t\t\t\t<\/li>\n\t\t\t\t\t\t<\/ul>\n\t\t\t\t\t\t<\/div>\n\t\t\t\t<\/div>\n\t\t\t\t\t<\/div>\n\t\t<\/div>\n\t\t\t\t\t<\/div>\n\t\t<\/section>\n\t\t\t\t<section class=\"elementor-section elementor-top-section elementor-element elementor-element-58e39e4a elementor-section-boxed elementor-section-height-default elementor-section-height-default\" data-id=\"58e39e4a\" data-element_type=\"section\" data-settings=\"{&quot;background_background&quot;:&quot;classic&quot;}\">\n\t\t\t\t\t\t\t<div class=\"elementor-background-overlay\"><\/div>\n\t\t\t\t\t\t\t<div class=\"elementor-container elementor-column-gap-default\">\n\t\t\t\t\t<div class=\"elementor-column elementor-col-100 elementor-top-column elementor-element elementor-element-5d5db0ec\" data-id=\"5d5db0ec\" data-element_type=\"column\">\n\t\t\t<div class=\"elementor-widget-wrap elementor-element-populated\">\n\t\t\t\t\t\t<div class=\"elementor-element elementor-element-32becafc elementor-widget elementor-widget-heading\" data-id=\"32becafc\" data-element_type=\"widget\" data-widget_type=\"heading.default\">\n\t\t\t\t<div class=\"elementor-widget-container\">\n\t\t\t\t\t<h2 class=\"elementor-heading-title elementor-size-default\">Krivljenje, razrez in valjanje\nplo\u010devine<\/h2>\t\t\t\t<\/div>\n\t\t\t\t<\/div>\n\t\t\t\t<div class=\"elementor-element elementor-element-2fef1506 elementor-widget elementor-widget-text-editor\" data-id=\"2fef1506\" data-element_type=\"widget\" data-widget_type=\"text-editor.default\">\n\t\t\t\t<div class=\"elementor-widget-container\">\n\t\t\t\t\t\t\t\t\t<p>We have been bending and cutting sheet metal for many years, so we have a wide range of experience. In 2018, we added sheet metal rolling with a BIKO 4-roller CNC machine to the offer. We design the material according to your wishes and advise you based on our knowledge and your wishes.<\/p>\t\t\t\t\t\t\t\t<\/div>\n\t\t\t\t<\/div>\n\t\t\t\t<div class=\"elementor-element elementor-element-6831ea5 elementor-icon-list--layout-traditional elementor-list-item-link-full_width elementor-widget elementor-widget-icon-list\" data-id=\"6831ea5\" data-element_type=\"widget\" data-widget_type=\"icon-list.default\">\n\t\t\t\t<div class=\"elementor-widget-container\">\n\t\t\t\t\t\t\t<ul class=\"elementor-icon-list-items\">\n\t\t\t\t\t\t\t<li class=\"elementor-icon-list-item\">\n\t\t\t\t\t\t\t\t\t\t<span class=\"elementor-icon-list-text\"><b><h5>Maximum dimensions of the curved part (steel):<\/h5><\/b><\/span>\n\t\t\t\t\t\t\t\t\t<\/li>\n\t\t\t\t\t\t\t\t<li class=\"elementor-icon-list-item\">\n\t\t\t\t\t\t\t\t\t\t\t<span class=\"elementor-icon-list-icon\">\n\t\t\t\t\t\t\t<i aria-hidden=\"true\" class=\"fas fa-minus\"><\/i>\t\t\t\t\t\t<\/span>\n\t\t\t\t\t\t\t\t\t\t<span class=\"elementor-icon-list-text\">l = 3000mm \/ thickness = 4mm<\/span>\n\t\t\t\t\t\t\t\t\t<\/li>\n\t\t\t\t\t\t\t\t<li class=\"elementor-icon-list-item\">\n\t\t\t\t\t\t\t\t\t\t\t<span class=\"elementor-icon-list-icon\">\n\t\t\t\t\t\t\t<i aria-hidden=\"true\" class=\"fas fa-minus\"><\/i>\t\t\t\t\t\t<\/span>\n\t\t\t\t\t\t\t\t\t\t<span class=\"elementor-icon-list-text\">l = 2000mm \/thickness = 5mm<\/span>\n\t\t\t\t\t\t\t\t\t<\/li>\n\t\t\t\t\t\t\t\t<li class=\"elementor-icon-list-item\">\n\t\t\t\t\t\t\t\t\t\t\t<span class=\"elementor-icon-list-icon\">\n\t\t\t\t\t\t\t<i aria-hidden=\"true\" class=\"fas fa-minus\"><\/i>\t\t\t\t\t\t<\/span>\n\t\t\t\t\t\t\t\t\t\t<span class=\"elementor-icon-list-text\">l = 1200mm \/ thickness = 6mm<\/span>\n\t\t\t\t\t\t\t\t\t<\/li>\n\t\t\t\t\t\t\t\t<li class=\"elementor-icon-list-item\">\n\t\t\t\t\t\t\t\t\t\t\t<span class=\"elementor-icon-list-icon\">\n\t\t\t\t\t\t\t<i aria-hidden=\"true\" class=\"fas fa-minus\"><\/i>\t\t\t\t\t\t<\/span>\n\t\t\t\t\t\t\t\t\t\t<span class=\"elementor-icon-list-text\">l = 700mm \/ thickness = 8mm<\/span>\n\t\t\t\t\t\t\t\t\t<\/li>\n\t\t\t\t\t\t\t\t<li class=\"elementor-icon-list-item\">\n\t\t\t\t\t\t\t\t\t\t\t<span class=\"elementor-icon-list-icon\">\n\t\t\t\t\t\t\t<i aria-hidden=\"true\" class=\"fas fa-minus\"><\/i>\t\t\t\t\t\t<\/span>\n\t\t\t\t\t\t\t\t\t\t<span class=\"elementor-icon-list-text\">\u2192 Iron: l=2000mm \/ thickness 10 mm<\/span>\n\t\t\t\t\t\t\t\t\t<\/li>\n\t\t\t\t\t\t\t\t<li class=\"elementor-icon-list-item\">\n\t\t\t\t\t\t\t\t\t\t\t<span class=\"elementor-icon-list-icon\">\n\t\t\t\t\t\t\t<i aria-hidden=\"true\" class=\"fas fa-minus\"><\/i>\t\t\t\t\t\t<\/span>\n\t\t\t\t\t\t\t\t\t\t<span class=\"elementor-icon-list-text\">\u2192 Stainless steel: l=2000mm \/ thickness 8mm<\/span>\n\t\t\t\t\t\t\t\t\t<\/li>\n\t\t\t\t\t\t<\/ul>\n\t\t\t\t\t\t<\/div>\n\t\t\t\t<\/div>\n\t\t\t\t\t<\/div>\n\t\t<\/div>\n\t\t\t\t\t<\/div>\n\t\t<\/section>\n\t\t\t\t<\/div>","protected":false},"excerpt":{"rendered":"<p>Krivljenje, razrez in valjanje plo\u010devine Domov Krivljenje plo\u010devine Krivljenje, razrez in valjanje plo\u010devine Krivljenje in razrez plo\u010devine opravljamo \u017ee vrsto let, zato imamo pester nabor izku\u0161enj. Leta 2018 pa smo v ponudbo dodali \u0161e valjanje plo\u010devine s 4 valjnim CNC strojem BIKO. Material oblikujemo po va\u0161ih \u017eeljah in vam svetujemo na podlagi na\u0161ega znanja in [&hellip;]<\/p>","protected":false},"author":1,"featured_media":0,"parent":0,"menu_order":0,"comment_status":"closed","ping_status":"closed","template":"","meta":{"footnotes":""},"class_list":["post-28","page","type-page","status-publish","hentry"],"yoast_head":"<!-- This site is optimized with the Yoast SEO plugin v25.3.1 - https:\/\/yoast.com\/wordpress\/plugins\/seo\/ -->\n<title>Krivljenje plo\u010devine - Klju\u010davni\u010darstvo ma\u010dek d.o.o.<\/title>\n<meta name=\"robots\" content=\"index, follow, max-snippet:-1, max-image-preview:large, max-video-preview:-1\" \/>\n<link rel=\"canonical\" href=\"https:\/\/cnc-macek.si\/en\/krivljenje-plocevine\/\" \/>\n<meta property=\"og:locale\" content=\"en_US\" \/>\n<meta property=\"og:type\" content=\"article\" \/>\n<meta property=\"og:title\" content=\"Krivljenje plo\u010devine - Klju\u010davni\u010darstvo ma\u010dek d.o.o.\" \/>\n<meta property=\"og:description\" content=\"Krivljenje, razrez in valjanje plo\u010devine Domov Krivljenje plo\u010devine Krivljenje, razrez in valjanje plo\u010devine Krivljenje in razrez plo\u010devine opravljamo \u017ee vrsto let, zato imamo pester nabor izku\u0161enj. Leta 2018 pa smo v ponudbo dodali \u0161e valjanje plo\u010devine s 4 valjnim CNC strojem BIKO. Material oblikujemo po va\u0161ih \u017eeljah in vam svetujemo na podlagi na\u0161ega znanja in [&hellip;]\" \/>\n<meta property=\"og:url\" content=\"https:\/\/cnc-macek.si\/en\/krivljenje-plocevine\/\" \/>\n<meta property=\"og:site_name\" content=\"Klju\u010davni\u010darstvo ma\u010dek d.o.o.\" \/>\n<meta property=\"article:modified_time\" content=\"2022-11-17T23:05:10+00:00\" \/>\n<meta name=\"twitter:card\" content=\"summary_large_image\" \/>\n<meta name=\"twitter:label1\" content=\"Est. reading time\" \/>\n\t<meta name=\"twitter:data1\" content=\"1 minute\" \/>\n<script type=\"application\/ld+json\" class=\"yoast-schema-graph\">{\"@context\":\"https:\/\/schema.org\",\"@graph\":[{\"@type\":\"WebPage\",\"@id\":\"https:\/\/cnc-macek.si\/krivljenje-plocevine\/\",\"url\":\"https:\/\/cnc-macek.si\/krivljenje-plocevine\/\",\"name\":\"Krivljenje plo\u010devine - Klju\u010davni\u010darstvo ma\u010dek d.o.o.\",\"isPartOf\":{\"@id\":\"https:\/\/cnc-macek.si\/#website\"},\"datePublished\":\"2022-03-05T14:05:18+00:00\",\"dateModified\":\"2022-11-17T23:05:10+00:00\",\"breadcrumb\":{\"@id\":\"https:\/\/cnc-macek.si\/krivljenje-plocevine\/#breadcrumb\"},\"inLanguage\":\"en-US\",\"potentialAction\":[{\"@type\":\"ReadAction\",\"target\":[\"https:\/\/cnc-macek.si\/krivljenje-plocevine\/\"]}]},{\"@type\":\"BreadcrumbList\",\"@id\":\"https:\/\/cnc-macek.si\/krivljenje-plocevine\/#breadcrumb\",\"itemListElement\":[{\"@type\":\"ListItem\",\"position\":1,\"name\":\"Home\",\"item\":\"https:\/\/cnc-macek.si\/\"},{\"@type\":\"ListItem\",\"position\":2,\"name\":\"Krivljenje plo\u010devine\"}]},{\"@type\":\"WebSite\",\"@id\":\"https:\/\/cnc-macek.si\/#website\",\"url\":\"https:\/\/cnc-macek.si\/\",\"name\":\"Klju\u010davni\u010darstvo ma\u010dek d.o.o.\",\"description\":\"\",\"publisher\":{\"@id\":\"https:\/\/cnc-macek.si\/#organization\"},\"potentialAction\":[{\"@type\":\"SearchAction\",\"target\":{\"@type\":\"EntryPoint\",\"urlTemplate\":\"https:\/\/cnc-macek.si\/?s={search_term_string}\"},\"query-input\":{\"@type\":\"PropertyValueSpecification\",\"valueRequired\":true,\"valueName\":\"search_term_string\"}}],\"inLanguage\":\"en-US\"},{\"@type\":\"Organization\",\"@id\":\"https:\/\/cnc-macek.si\/#organization\",\"name\":\"Klju\u010davni\u010darstvo ma\u010dek d.o.o.\",\"url\":\"https:\/\/cnc-macek.si\/\",\"logo\":{\"@type\":\"ImageObject\",\"inLanguage\":\"en-US\",\"@id\":\"https:\/\/cnc-macek.si\/#\/schema\/logo\/image\/\",\"url\":\"https:\/\/cnc-macek.si\/wp-content\/uploads\/2022\/03\/logo-1.png\",\"contentUrl\":\"https:\/\/cnc-macek.si\/wp-content\/uploads\/2022\/03\/logo-1.png\",\"width\":300,\"height\":101,\"caption\":\"Klju\u010davni\u010darstvo ma\u010dek d.o.o.\"},\"image\":{\"@id\":\"https:\/\/cnc-macek.si\/#\/schema\/logo\/image\/\"}}]}<\/script>\n<!-- \/ Yoast SEO plugin. -->","yoast_head_json":{"title":"Krivljenje plo\u010devine - Klju\u010davni\u010darstvo ma\u010dek d.o.o.","robots":{"index":"index","follow":"follow","max-snippet":"max-snippet:-1","max-image-preview":"max-image-preview:large","max-video-preview":"max-video-preview:-1"},"canonical":"https:\/\/cnc-macek.si\/en\/krivljenje-plocevine\/","og_locale":"en_US","og_type":"article","og_title":"Krivljenje plo\u010devine - Klju\u010davni\u010darstvo ma\u010dek d.o.o.","og_description":"Krivljenje, razrez in valjanje plo\u010devine Domov Krivljenje plo\u010devine Krivljenje, razrez in valjanje plo\u010devine Krivljenje in razrez plo\u010devine opravljamo \u017ee vrsto let, zato imamo pester nabor izku\u0161enj. Leta 2018 pa smo v ponudbo dodali \u0161e valjanje plo\u010devine s 4 valjnim CNC strojem BIKO. Material oblikujemo po va\u0161ih \u017eeljah in vam svetujemo na podlagi na\u0161ega znanja in [&hellip;]","og_url":"https:\/\/cnc-macek.si\/en\/krivljenje-plocevine\/","og_site_name":"Klju\u010davni\u010darstvo ma\u010dek d.o.o.","article_modified_time":"2022-11-17T23:05:10+00:00","twitter_card":"summary_large_image","twitter_misc":{"Est. reading time":"1 minute"},"schema":{"@context":"https:\/\/schema.org","@graph":[{"@type":"WebPage","@id":"https:\/\/cnc-macek.si\/krivljenje-plocevine\/","url":"https:\/\/cnc-macek.si\/krivljenje-plocevine\/","name":"Krivljenje plo\u010devine - Klju\u010davni\u010darstvo ma\u010dek d.o.o.","isPartOf":{"@id":"https:\/\/cnc-macek.si\/#website"},"datePublished":"2022-03-05T14:05:18+00:00","dateModified":"2022-11-17T23:05:10+00:00","breadcrumb":{"@id":"https:\/\/cnc-macek.si\/krivljenje-plocevine\/#breadcrumb"},"inLanguage":"en-US","potentialAction":[{"@type":"ReadAction","target":["https:\/\/cnc-macek.si\/krivljenje-plocevine\/"]}]},{"@type":"BreadcrumbList","@id":"https:\/\/cnc-macek.si\/krivljenje-plocevine\/#breadcrumb","itemListElement":[{"@type":"ListItem","position":1,"name":"Home","item":"https:\/\/cnc-macek.si\/"},{"@type":"ListItem","position":2,"name":"Krivljenje plo\u010devine"}]},{"@type":"WebSite","@id":"https:\/\/cnc-macek.si\/#website","url":"https:\/\/cnc-macek.si\/","name":"Klju\u010davni\u010darstvo ma\u010dek d.o.o.","description":"","publisher":{"@id":"https:\/\/cnc-macek.si\/#organization"},"potentialAction":[{"@type":"SearchAction","target":{"@type":"EntryPoint","urlTemplate":"https:\/\/cnc-macek.si\/?s={search_term_string}"},"query-input":{"@type":"PropertyValueSpecification","valueRequired":true,"valueName":"search_term_string"}}],"inLanguage":"en-US"},{"@type":"Organization","@id":"https:\/\/cnc-macek.si\/#organization","name":"Klju\u010davni\u010darstvo ma\u010dek d.o.o.","url":"https:\/\/cnc-macek.si\/","logo":{"@type":"ImageObject","inLanguage":"en-US","@id":"https:\/\/cnc-macek.si\/#\/schema\/logo\/image\/","url":"https:\/\/cnc-macek.si\/wp-content\/uploads\/2022\/03\/logo-1.png","contentUrl":"https:\/\/cnc-macek.si\/wp-content\/uploads\/2022\/03\/logo-1.png","width":300,"height":101,"caption":"Klju\u010davni\u010darstvo ma\u010dek d.o.o."},"image":{"@id":"https:\/\/cnc-macek.si\/#\/schema\/logo\/image\/"}}]}},"_links":{"self":[{"href":"https:\/\/cnc-macek.si\/en\/wp-json\/wp\/v2\/pages\/28","targetHints":{"allow":["GET"]}}],"collection":[{"href":"https:\/\/cnc-macek.si\/en\/wp-json\/wp\/v2\/pages"}],"about":[{"href":"https:\/\/cnc-macek.si\/en\/wp-json\/wp\/v2\/types\/page"}],"author":[{"embeddable":true,"href":"https:\/\/cnc-macek.si\/en\/wp-json\/wp\/v2\/users\/1"}],"replies":[{"embeddable":true,"href":"https:\/\/cnc-macek.si\/en\/wp-json\/wp\/v2\/comments?post=28"}],"version-history":[{"count":13,"href":"https:\/\/cnc-macek.si\/en\/wp-json\/wp\/v2\/pages\/28\/revisions"}],"predecessor-version":[{"id":685,"href":"https:\/\/cnc-macek.si\/en\/wp-json\/wp\/v2\/pages\/28\/revisions\/685"}],"wp:attachment":[{"href":"https:\/\/cnc-macek.si\/en\/wp-json\/wp\/v2\/media?parent=28"}],"curies":[{"name":"wp","href":"https:\/\/api.w.org\/{rel}","templated":true}]}}