{"id":24,"date":"2022-03-05T14:04:40","date_gmt":"2022-03-05T14:04:40","guid":{"rendered":"https:\/\/cnc-macek.si\/?page_id=24"},"modified":"2022-11-17T23:39:27","modified_gmt":"2022-11-17T23:39:27","slug":"varjenje","status":"publish","type":"page","link":"https:\/\/cnc-macek.si\/en\/varjenje\/","title":{"rendered":"Welding"},"content":{"rendered":"<div data-elementor-type=\"wp-page\" data-elementor-id=\"24\" class=\"elementor elementor-24\" data-elementor-post-type=\"page\">\n\t\t\t\t\t\t<section class=\"elementor-section elementor-top-section elementor-element elementor-element-96f8b46 elementor-section-boxed elementor-section-height-default elementor-section-height-default\" data-id=\"96f8b46\" data-element_type=\"section\" data-settings=\"{&quot;background_background&quot;:&quot;classic&quot;}\">\n\t\t\t\t\t\t\t<div class=\"elementor-background-overlay\"><\/div>\n\t\t\t\t\t\t\t<div class=\"elementor-container elementor-column-gap-default\">\n\t\t\t\t\t<div class=\"elementor-column elementor-col-100 elementor-top-column elementor-element elementor-element-ae96977\" data-id=\"ae96977\" data-element_type=\"column\" data-settings=\"{&quot;background_background&quot;:&quot;classic&quot;}\">\n\t\t\t<div class=\"elementor-widget-wrap elementor-element-populated\">\n\t\t\t\t\t<div class=\"elementor-background-overlay\"><\/div>\n\t\t\t\t\t\t<div class=\"elementor-element elementor-element-0b8c526 elementor-widget elementor-widget-heading\" data-id=\"0b8c526\" data-element_type=\"widget\" data-widget_type=\"heading.default\">\n\t\t\t\t<div class=\"elementor-widget-container\">\n\t\t\t\t\t<h1 class=\"elementor-heading-title elementor-size-default\">Welding<\/h1>\t\t\t\t<\/div>\n\t\t\t\t<\/div>\n\t\t\t\t<div class=\"elementor-element elementor-element-e711fc8 elementor-icon-list--layout-inline elementor-align-center elementor-list-item-link-full_width elementor-widget elementor-widget-icon-list\" data-id=\"e711fc8\" data-element_type=\"widget\" data-widget_type=\"icon-list.default\">\n\t\t\t\t<div class=\"elementor-widget-container\">\n\t\t\t\t\t\t\t<ul class=\"elementor-icon-list-items elementor-inline-items\">\n\t\t\t\t\t\t\t<li class=\"elementor-icon-list-item elementor-inline-item\">\n\t\t\t\t\t\t\t\t\t\t<span class=\"elementor-icon-list-text\">Home<\/span>\n\t\t\t\t\t\t\t\t\t<\/li>\n\t\t\t\t\t\t\t\t<li class=\"elementor-icon-list-item elementor-inline-item\">\n\t\t\t\t\t\t\t\t\t\t\t<span class=\"elementor-icon-list-icon\">\n\t\t\t\t\t\t\t<i aria-hidden=\"true\" class=\"fas fa-chevron-right\"><\/i>\t\t\t\t\t\t<\/span>\n\t\t\t\t\t\t\t\t\t\t<span class=\"elementor-icon-list-text\">Welding<\/span>\n\t\t\t\t\t\t\t\t\t<\/li>\n\t\t\t\t\t\t<\/ul>\n\t\t\t\t\t\t<\/div>\n\t\t\t\t<\/div>\n\t\t\t\t\t<\/div>\n\t\t<\/div>\n\t\t\t\t\t<\/div>\n\t\t<\/section>\n\t\t\t\t<section class=\"elementor-section elementor-top-section elementor-element elementor-element-af0b08d elementor-section-boxed elementor-section-height-default elementor-section-height-default\" data-id=\"af0b08d\" data-element_type=\"section\" data-settings=\"{&quot;background_background&quot;:&quot;classic&quot;}\">\n\t\t\t\t\t\t\t<div class=\"elementor-background-overlay\"><\/div>\n\t\t\t\t\t\t\t<div class=\"elementor-container elementor-column-gap-default\">\n\t\t\t\t\t<div class=\"elementor-column elementor-col-100 elementor-top-column elementor-element elementor-element-2f3b950\" data-id=\"2f3b950\" data-element_type=\"column\">\n\t\t\t<div class=\"elementor-widget-wrap elementor-element-populated\">\n\t\t\t\t\t\t<div class=\"elementor-element elementor-element-88f9821 elementor-widget elementor-widget-heading\" data-id=\"88f9821\" data-element_type=\"widget\" data-widget_type=\"heading.default\">\n\t\t\t\t<div class=\"elementor-widget-container\">\n\t\t\t\t\t<h2 class=\"elementor-heading-title elementor-size-default\">Welding and design of pressure equipment\n<\/h2>\t\t\t\t<\/div>\n\t\t\t\t<\/div>\n\t\t\t\t<div class=\"elementor-element elementor-element-3a7d3b3 elementor-widget elementor-widget-text-editor\" data-id=\"3a7d3b3\" data-element_type=\"widget\" data-widget_type=\"text-editor.default\">\n\t\t\t\t<div class=\"elementor-widget-container\">\n\t\t\t\t\t\t\t\t\tWe weld the most demanding products from all materials according to your wishes, which are in accordance with the obtained standards for welding pressure equipment, constructions and other welded products.\t\t\t\t\t\t\t\t<\/div>\n\t\t\t\t<\/div>\n\t\t\t\t<div class=\"elementor-element elementor-element-6c2ee8b elementor-icon-list--layout-traditional elementor-list-item-link-full_width elementor-widget elementor-widget-icon-list\" data-id=\"6c2ee8b\" data-element_type=\"widget\" data-widget_type=\"icon-list.default\">\n\t\t\t\t<div class=\"elementor-widget-container\">\n\t\t\t\t\t\t\t<ul class=\"elementor-icon-list-items\">\n\t\t\t\t\t\t\t<li class=\"elementor-icon-list-item\">\n\t\t\t\t\t\t\t\t\t\t<span class=\"elementor-icon-list-text\"><b><h5>In addition to welding and design of pressure equipment, we also offer you:<\/h5><\/b><\/span>\n\t\t\t\t\t\t\t\t\t<\/li>\n\t\t\t\t\t\t\t\t<li class=\"elementor-icon-list-item\">\n\t\t\t\t\t\t\t\t\t\t\t<span class=\"elementor-icon-list-icon\">\n\t\t\t\t\t\t\t<i aria-hidden=\"true\" class=\"fas fa-minus\"><\/i>\t\t\t\t\t\t<\/span>\n\t\t\t\t\t\t\t\t\t\t<span class=\"elementor-icon-list-text\">procurement of material<\/span>\n\t\t\t\t\t\t\t\t\t<\/li>\n\t\t\t\t\t\t\t\t<li class=\"elementor-icon-list-item\">\n\t\t\t\t\t\t\t\t\t\t\t<span class=\"elementor-icon-list-icon\">\n\t\t\t\t\t\t\t<i aria-hidden=\"true\" class=\"fas fa-minus\"><\/i>\t\t\t\t\t\t<\/span>\n\t\t\t\t\t\t\t\t\t\t<span class=\"elementor-icon-list-text\">cutting of material<\/span>\n\t\t\t\t\t\t\t\t\t<\/li>\n\t\t\t\t\t\t\t\t<li class=\"elementor-icon-list-item\">\n\t\t\t\t\t\t\t\t\t\t\t<span class=\"elementor-icon-list-icon\">\n\t\t\t\t\t\t\t<i aria-hidden=\"true\" class=\"fas fa-minus\"><\/i>\t\t\t\t\t\t<\/span>\n\t\t\t\t\t\t\t\t\t\t<span class=\"elementor-icon-list-text\">pressure testing<\/span>\n\t\t\t\t\t\t\t\t\t<\/li>\n\t\t\t\t\t\t\t\t<li class=\"elementor-icon-list-item\">\n\t\t\t\t\t\t\t\t\t\t\t<span class=\"elementor-icon-list-icon\">\n\t\t\t\t\t\t\t<i aria-hidden=\"true\" class=\"fas fa-minus\"><\/i>\t\t\t\t\t\t<\/span>\n\t\t\t\t\t\t\t\t\t\t<span class=\"elementor-icon-list-text\">NDT control<\/span>\n\t\t\t\t\t\t\t\t\t<\/li>\n\t\t\t\t\t\t\t\t<li class=\"elementor-icon-list-item\">\n\t\t\t\t\t\t\t\t\t\t\t<span class=\"elementor-icon-list-icon\">\n\t\t\t\t\t\t\t<i aria-hidden=\"true\" class=\"fas fa-minus\"><\/i>\t\t\t\t\t\t<\/span>\n\t\t\t\t\t\t\t\t\t\t<span class=\"elementor-icon-list-text\">CE marking<\/span>\n\t\t\t\t\t\t\t\t\t<\/li>\n\t\t\t\t\t\t<\/ul>\n\t\t\t\t\t\t<\/div>\n\t\t\t\t<\/div>\n\t\t\t\t<div class=\"elementor-element elementor-element-aeadde5 elementor-widget elementor-widget-image\" data-id=\"aeadde5\" data-element_type=\"widget\" data-widget_type=\"image.default\">\n\t\t\t\t<div class=\"elementor-widget-container\">\n\t\t\t\t\t\t\t\t\t\t\t\t\t\t\t<img fetchpriority=\"high\" decoding=\"async\" width=\"800\" height=\"271\" src=\"https:\/\/cnc-macek.si\/wp-content\/uploads\/2022\/03\/20180316_122535-1024x347.jpg\" class=\"attachment-large size-large wp-image-276\" alt=\"\" srcset=\"https:\/\/cnc-macek.si\/wp-content\/uploads\/2022\/03\/20180316_122535-1024x347.jpg 1024w, https:\/\/cnc-macek.si\/wp-content\/uploads\/2022\/03\/20180316_122535-300x102.jpg 300w, https:\/\/cnc-macek.si\/wp-content\/uploads\/2022\/03\/20180316_122535-768x260.jpg 768w, https:\/\/cnc-macek.si\/wp-content\/uploads\/2022\/03\/20180316_122535-1536x521.jpg 1536w, https:\/\/cnc-macek.si\/wp-content\/uploads\/2022\/03\/20180316_122535-2048x694.jpg 2048w\" sizes=\"(max-width: 800px) 100vw, 800px\" \/>\t\t\t\t\t\t\t\t\t\t\t\t\t\t\t<\/div>\n\t\t\t\t<\/div>\n\t\t\t\t\t<\/div>\n\t\t<\/div>\n\t\t\t\t\t<\/div>\n\t\t<\/section>\n\t\t\t\t<\/div>","protected":false},"excerpt":{"rendered":"<p>Domov Varjenje in na\u010drtovanje tla\u010dne opreme Varimo najzahtevnej\u0161e izdelke iz vseh materialov po va\u0161ih \u017eeljah, ki so v skladu s pridobljenimi standardi varjenja tla\u010dne opreme, konstrukcij in ostalih varjenih izdelkov. Poleg varjenja in na\u010drtovanja tla\u010dne opreme vam ponujamo \u0161e: nabava materiala razrez materiala tla\u010dno testiranje NDT kontrola oznaka CE<\/p>","protected":false},"author":1,"featured_media":0,"parent":0,"menu_order":0,"comment_status":"closed","ping_status":"closed","template":"","meta":{"footnotes":""},"class_list":["post-24","page","type-page","status-publish","hentry"],"yoast_head":"<!-- This site is optimized with the Yoast SEO plugin v25.3.1 - https:\/\/yoast.com\/wordpress\/plugins\/seo\/ -->\n<title>Varjenje - Klju\u010davni\u010darstvo ma\u010dek d.o.o.<\/title>\n<meta name=\"robots\" content=\"index, follow, max-snippet:-1, max-image-preview:large, max-video-preview:-1\" \/>\n<link rel=\"canonical\" href=\"https:\/\/cnc-macek.si\/en\/varjenje\/\" \/>\n<meta property=\"og:locale\" content=\"en_US\" \/>\n<meta property=\"og:type\" content=\"article\" \/>\n<meta property=\"og:title\" content=\"Varjenje - Klju\u010davni\u010darstvo ma\u010dek d.o.o.\" \/>\n<meta property=\"og:description\" content=\"Domov Varjenje in na\u010drtovanje tla\u010dne opreme Varimo najzahtevnej\u0161e izdelke iz vseh materialov po va\u0161ih \u017eeljah, ki so v skladu s pridobljenimi standardi varjenja tla\u010dne opreme, konstrukcij in ostalih varjenih izdelkov. Poleg varjenja in na\u010drtovanja tla\u010dne opreme vam ponujamo \u0161e: nabava materiala razrez materiala tla\u010dno testiranje NDT kontrola oznaka CE\" \/>\n<meta property=\"og:url\" content=\"https:\/\/cnc-macek.si\/en\/varjenje\/\" \/>\n<meta property=\"og:site_name\" content=\"Klju\u010davni\u010darstvo ma\u010dek d.o.o.\" \/>\n<meta property=\"article:modified_time\" content=\"2022-11-17T23:39:27+00:00\" \/>\n<meta property=\"og:image\" content=\"https:\/\/cnc-macek.si\/wp-content\/uploads\/2022\/03\/20180316_122535-1024x347.jpg\" \/>\n<meta name=\"twitter:card\" content=\"summary_large_image\" \/>\n<meta name=\"twitter:label1\" content=\"Est. reading time\" \/>\n\t<meta name=\"twitter:data1\" content=\"1 minute\" \/>\n<script type=\"application\/ld+json\" class=\"yoast-schema-graph\">{\"@context\":\"https:\/\/schema.org\",\"@graph\":[{\"@type\":\"WebPage\",\"@id\":\"https:\/\/cnc-macek.si\/varjenje\/\",\"url\":\"https:\/\/cnc-macek.si\/varjenje\/\",\"name\":\"Varjenje - Klju\u010davni\u010darstvo ma\u010dek d.o.o.\",\"isPartOf\":{\"@id\":\"https:\/\/cnc-macek.si\/#website\"},\"primaryImageOfPage\":{\"@id\":\"https:\/\/cnc-macek.si\/varjenje\/#primaryimage\"},\"image\":{\"@id\":\"https:\/\/cnc-macek.si\/varjenje\/#primaryimage\"},\"thumbnailUrl\":\"https:\/\/cnc-macek.si\/wp-content\/uploads\/2022\/03\/20180316_122535-1024x347.jpg\",\"datePublished\":\"2022-03-05T14:04:40+00:00\",\"dateModified\":\"2022-11-17T23:39:27+00:00\",\"breadcrumb\":{\"@id\":\"https:\/\/cnc-macek.si\/varjenje\/#breadcrumb\"},\"inLanguage\":\"en-US\",\"potentialAction\":[{\"@type\":\"ReadAction\",\"target\":[\"https:\/\/cnc-macek.si\/varjenje\/\"]}]},{\"@type\":\"ImageObject\",\"inLanguage\":\"en-US\",\"@id\":\"https:\/\/cnc-macek.si\/varjenje\/#primaryimage\",\"url\":\"https:\/\/cnc-macek.si\/wp-content\/uploads\/2022\/03\/20180316_122535-1024x347.jpg\",\"contentUrl\":\"https:\/\/cnc-macek.si\/wp-content\/uploads\/2022\/03\/20180316_122535-1024x347.jpg\"},{\"@type\":\"BreadcrumbList\",\"@id\":\"https:\/\/cnc-macek.si\/varjenje\/#breadcrumb\",\"itemListElement\":[{\"@type\":\"ListItem\",\"position\":1,\"name\":\"Home\",\"item\":\"https:\/\/cnc-macek.si\/\"},{\"@type\":\"ListItem\",\"position\":2,\"name\":\"Varjenje\"}]},{\"@type\":\"WebSite\",\"@id\":\"https:\/\/cnc-macek.si\/#website\",\"url\":\"https:\/\/cnc-macek.si\/\",\"name\":\"Klju\u010davni\u010darstvo ma\u010dek d.o.o.\",\"description\":\"\",\"publisher\":{\"@id\":\"https:\/\/cnc-macek.si\/#organization\"},\"potentialAction\":[{\"@type\":\"SearchAction\",\"target\":{\"@type\":\"EntryPoint\",\"urlTemplate\":\"https:\/\/cnc-macek.si\/?s={search_term_string}\"},\"query-input\":{\"@type\":\"PropertyValueSpecification\",\"valueRequired\":true,\"valueName\":\"search_term_string\"}}],\"inLanguage\":\"en-US\"},{\"@type\":\"Organization\",\"@id\":\"https:\/\/cnc-macek.si\/#organization\",\"name\":\"Klju\u010davni\u010darstvo ma\u010dek d.o.o.\",\"url\":\"https:\/\/cnc-macek.si\/\",\"logo\":{\"@type\":\"ImageObject\",\"inLanguage\":\"en-US\",\"@id\":\"https:\/\/cnc-macek.si\/#\/schema\/logo\/image\/\",\"url\":\"https:\/\/cnc-macek.si\/wp-content\/uploads\/2022\/03\/logo-1.png\",\"contentUrl\":\"https:\/\/cnc-macek.si\/wp-content\/uploads\/2022\/03\/logo-1.png\",\"width\":300,\"height\":101,\"caption\":\"Klju\u010davni\u010darstvo ma\u010dek d.o.o.\"},\"image\":{\"@id\":\"https:\/\/cnc-macek.si\/#\/schema\/logo\/image\/\"}}]}<\/script>\n<!-- \/ Yoast SEO plugin. -->","yoast_head_json":{"title":"Varjenje - Klju\u010davni\u010darstvo ma\u010dek d.o.o.","robots":{"index":"index","follow":"follow","max-snippet":"max-snippet:-1","max-image-preview":"max-image-preview:large","max-video-preview":"max-video-preview:-1"},"canonical":"https:\/\/cnc-macek.si\/en\/varjenje\/","og_locale":"en_US","og_type":"article","og_title":"Varjenje - Klju\u010davni\u010darstvo ma\u010dek d.o.o.","og_description":"Domov Varjenje in na\u010drtovanje tla\u010dne opreme Varimo najzahtevnej\u0161e izdelke iz vseh materialov po va\u0161ih \u017eeljah, ki so v skladu s pridobljenimi standardi varjenja tla\u010dne opreme, konstrukcij in ostalih varjenih izdelkov. Poleg varjenja in na\u010drtovanja tla\u010dne opreme vam ponujamo \u0161e: nabava materiala razrez materiala tla\u010dno testiranje NDT kontrola oznaka CE","og_url":"https:\/\/cnc-macek.si\/en\/varjenje\/","og_site_name":"Klju\u010davni\u010darstvo ma\u010dek d.o.o.","article_modified_time":"2022-11-17T23:39:27+00:00","og_image":[{"url":"https:\/\/cnc-macek.si\/wp-content\/uploads\/2022\/03\/20180316_122535-1024x347.jpg","type":"","width":"","height":""}],"twitter_card":"summary_large_image","twitter_misc":{"Est. reading time":"1 minute"},"schema":{"@context":"https:\/\/schema.org","@graph":[{"@type":"WebPage","@id":"https:\/\/cnc-macek.si\/varjenje\/","url":"https:\/\/cnc-macek.si\/varjenje\/","name":"Varjenje - Klju\u010davni\u010darstvo ma\u010dek d.o.o.","isPartOf":{"@id":"https:\/\/cnc-macek.si\/#website"},"primaryImageOfPage":{"@id":"https:\/\/cnc-macek.si\/varjenje\/#primaryimage"},"image":{"@id":"https:\/\/cnc-macek.si\/varjenje\/#primaryimage"},"thumbnailUrl":"https:\/\/cnc-macek.si\/wp-content\/uploads\/2022\/03\/20180316_122535-1024x347.jpg","datePublished":"2022-03-05T14:04:40+00:00","dateModified":"2022-11-17T23:39:27+00:00","breadcrumb":{"@id":"https:\/\/cnc-macek.si\/varjenje\/#breadcrumb"},"inLanguage":"en-US","potentialAction":[{"@type":"ReadAction","target":["https:\/\/cnc-macek.si\/varjenje\/"]}]},{"@type":"ImageObject","inLanguage":"en-US","@id":"https:\/\/cnc-macek.si\/varjenje\/#primaryimage","url":"https:\/\/cnc-macek.si\/wp-content\/uploads\/2022\/03\/20180316_122535-1024x347.jpg","contentUrl":"https:\/\/cnc-macek.si\/wp-content\/uploads\/2022\/03\/20180316_122535-1024x347.jpg"},{"@type":"BreadcrumbList","@id":"https:\/\/cnc-macek.si\/varjenje\/#breadcrumb","itemListElement":[{"@type":"ListItem","position":1,"name":"Home","item":"https:\/\/cnc-macek.si\/"},{"@type":"ListItem","position":2,"name":"Varjenje"}]},{"@type":"WebSite","@id":"https:\/\/cnc-macek.si\/#website","url":"https:\/\/cnc-macek.si\/","name":"Klju\u010davni\u010darstvo ma\u010dek d.o.o.","description":"","publisher":{"@id":"https:\/\/cnc-macek.si\/#organization"},"potentialAction":[{"@type":"SearchAction","target":{"@type":"EntryPoint","urlTemplate":"https:\/\/cnc-macek.si\/?s={search_term_string}"},"query-input":{"@type":"PropertyValueSpecification","valueRequired":true,"valueName":"search_term_string"}}],"inLanguage":"en-US"},{"@type":"Organization","@id":"https:\/\/cnc-macek.si\/#organization","name":"Klju\u010davni\u010darstvo ma\u010dek d.o.o.","url":"https:\/\/cnc-macek.si\/","logo":{"@type":"ImageObject","inLanguage":"en-US","@id":"https:\/\/cnc-macek.si\/#\/schema\/logo\/image\/","url":"https:\/\/cnc-macek.si\/wp-content\/uploads\/2022\/03\/logo-1.png","contentUrl":"https:\/\/cnc-macek.si\/wp-content\/uploads\/2022\/03\/logo-1.png","width":300,"height":101,"caption":"Klju\u010davni\u010darstvo ma\u010dek d.o.o."},"image":{"@id":"https:\/\/cnc-macek.si\/#\/schema\/logo\/image\/"}}]}},"_links":{"self":[{"href":"https:\/\/cnc-macek.si\/en\/wp-json\/wp\/v2\/pages\/24","targetHints":{"allow":["GET"]}}],"collection":[{"href":"https:\/\/cnc-macek.si\/en\/wp-json\/wp\/v2\/pages"}],"about":[{"href":"https:\/\/cnc-macek.si\/en\/wp-json\/wp\/v2\/types\/page"}],"author":[{"embeddable":true,"href":"https:\/\/cnc-macek.si\/en\/wp-json\/wp\/v2\/users\/1"}],"replies":[{"embeddable":true,"href":"https:\/\/cnc-macek.si\/en\/wp-json\/wp\/v2\/comments?post=24"}],"version-history":[{"count":16,"href":"https:\/\/cnc-macek.si\/en\/wp-json\/wp\/v2\/pages\/24\/revisions"}],"predecessor-version":[{"id":802,"href":"https:\/\/cnc-macek.si\/en\/wp-json\/wp\/v2\/pages\/24\/revisions\/802"}],"wp:attachment":[{"href":"https:\/\/cnc-macek.si\/en\/wp-json\/wp\/v2\/media?parent=24"}],"curies":[{"name":"wp","href":"https:\/\/api.w.org\/{rel}","templated":true}]}}